{"id":76192,"date":"2025-07-22T04:06:11","date_gmt":"2025-07-22T04:06:11","guid":{"rendered":"https:\/\/e.kosmolat.eu\/product\/anti-aging-pretnovec-tonal-kr-tonis-02-zeltaini-bess-30-ml\/"},"modified":"2026-04-10T07:44:30","modified_gmt":"2026-04-10T07:44:30","slug":"anti-aging-pretnovec-tonal-kr-tonis-02-zeltaini-bess-30-ml","status":"publish","type":"product","link":"https:\/\/e.kosmolat.eu\/lv\/product\/anti-aging-pretnovec-tonal-kr-tonis-02-zeltaini-bess-30-ml\/","title":{"rendered":"Anti Aging Pretnovec. ton\u0101l kr., tonis 02 Zeltaini b\u0113\u0161s, 30 ml"},"content":{"rendered":"<p>Izm\u0113\u0123iniet \u0161o pretnoveco\u0161an\u0101s ton\u0101lo kr\u0113mu jau \u0161odien un izbaudiet glud\u0101ku, mitrin\u0101t\u0101ku un jaunekl\u012bg\u0101ku \u0101du!<\/p>\n<p>Lieto\u0161ana: uzkl\u0101jiet produktu uz sejas \u0101das ar s\u016bkli, pirkstiem vai otu. Maigi izl\u012bdziniet.<\/p>\n<p>Uzglab\u0101t temperat\u016br\u0101 no +2\u00b0C l\u012bdz +25\u00b0C.<\/p>\n","protected":false},"excerpt":{"rendered":"<p>Izm\u0113\u0123iniet \u0161o pretnoveco\u0161an\u0101s ton\u0101lo kr\u0113mu jau \u0161odien un izbaudiet glud\u0101ku, mitrin\u0101t\u0101ku un jaunekl\u012bg\u0101ku \u0101du! Lieto\u0161ana: uzkl\u0101jiet produktu uz sejas \u0101das ar s\u016bkli, pirkstiem vai otu. Maigi izl\u012bdziniet. Uzglab\u0101t temperat\u016br\u0101 no +2\u00b0C l\u012bdz +25\u00b0C.<\/p>\n","protected":false},"featured_media":94118,"template":"","meta":[],"product_cat":[1289],"product_tag":[],"class_list":{"0":"post-76192","1":"product","2":"type-product","3":"status-publish","4":"has-post-thumbnail","6":"product_brand-quiz_bim_pl","7":"product_cat-grima-pamats","9":"first","10":"instock","11":"taxable","12":"shipping-taxable","13":"product-type-simple"},"_links":{"self":[{"href":"https:\/\/e.kosmolat.eu\/lv\/wp-json\/wp\/v2\/product\/76192","targetHints":{"allow":["GET"]}}],"collection":[{"href":"https:\/\/e.kosmolat.eu\/lv\/wp-json\/wp\/v2\/product"}],"about":[{"href":"https:\/\/e.kosmolat.eu\/lv\/wp-json\/wp\/v2\/types\/product"}],"wp:featuredmedia":[{"embeddable":true,"href":"https:\/\/e.kosmolat.eu\/lv\/wp-json\/wp\/v2\/media\/94118"}],"wp:attachment":[{"href":"https:\/\/e.kosmolat.eu\/lv\/wp-json\/wp\/v2\/media?parent=76192"}],"wp:term":[{"taxonomy":"product_cat","embeddable":true,"href":"https:\/\/e.kosmolat.eu\/lv\/wp-json\/wp\/v2\/product_cat?post=76192"},{"taxonomy":"product_tag","embeddable":true,"href":"https:\/\/e.kosmolat.eu\/lv\/wp-json\/wp\/v2\/product_tag?post=76192"}],"curies":[{"name":"wp","href":"https:\/\/api.w.org\/{rel}","templated":true}]}}