{"id":76184,"date":"2025-07-22T04:05:54","date_gmt":"2025-07-22T04:05:54","guid":{"rendered":"https:\/\/e.kosmolat.eu\/product\/matte-match-mousse-tonal-kr-tonis-03-shell-30-ml\/"},"modified":"2026-04-10T07:12:37","modified_gmt":"2026-04-10T07:12:37","slug":"matte-match-mousse-tonal-kr-tonis-03-shell-30-ml","status":"publish","type":"product","link":"https:\/\/e.kosmolat.eu\/lv\/product\/matte-match-mousse-tonal-kr-tonis-03-shell-30-ml\/","title":{"rendered":"Matte-Match Mousse Ton\u0101l. kr., tonis 03 Shell, 30 ml"},"content":{"rendered":"<p>Ton\u0101lais kr\u0113ms Matte-Match Mousse ide\u0101li piel\u0101gojas \u0101das tonim. Pat\u012bkama veg\u0101nu formula viegli uzkl\u0101jas un nodro\u0161ina ilgsto\u0161u notur\u012bbu.<\/p>\n<p>Uzglab\u0101t temperat\u016br\u0101 no +2\u00b0C l\u012bdz +25\u00b0C.<\/p>\n","protected":false},"excerpt":{"rendered":"<p>Ton\u0101lais kr\u0113ms Matte-Match Mousse ide\u0101li piel\u0101gojas \u0101das tonim. Pat\u012bkama veg\u0101nu formula viegli uzkl\u0101jas un nodro\u0161ina ilgsto\u0161u notur\u012bbu. Uzglab\u0101t temperat\u016br\u0101 no +2\u00b0C l\u012bdz +25\u00b0C.<\/p>\n","protected":false},"featured_media":93722,"template":"","meta":[],"product_cat":[1289],"product_tag":[],"class_list":{"0":"post-76184","1":"product","2":"type-product","3":"status-publish","4":"has-post-thumbnail","6":"product_brand-quiz_bim_pl","7":"product_cat-grima-pamats","9":"first","10":"instock","11":"taxable","12":"shipping-taxable","13":"product-type-simple"},"_links":{"self":[{"href":"https:\/\/e.kosmolat.eu\/lv\/wp-json\/wp\/v2\/product\/76184","targetHints":{"allow":["GET"]}}],"collection":[{"href":"https:\/\/e.kosmolat.eu\/lv\/wp-json\/wp\/v2\/product"}],"about":[{"href":"https:\/\/e.kosmolat.eu\/lv\/wp-json\/wp\/v2\/types\/product"}],"wp:featuredmedia":[{"embeddable":true,"href":"https:\/\/e.kosmolat.eu\/lv\/wp-json\/wp\/v2\/media\/93722"}],"wp:attachment":[{"href":"https:\/\/e.kosmolat.eu\/lv\/wp-json\/wp\/v2\/media?parent=76184"}],"wp:term":[{"taxonomy":"product_cat","embeddable":true,"href":"https:\/\/e.kosmolat.eu\/lv\/wp-json\/wp\/v2\/product_cat?post=76184"},{"taxonomy":"product_tag","embeddable":true,"href":"https:\/\/e.kosmolat.eu\/lv\/wp-json\/wp\/v2\/product_tag?post=76184"}],"curies":[{"name":"wp","href":"https:\/\/api.w.org\/{rel}","templated":true}]}}