{"id":76152,"date":"2025-07-22T04:04:45","date_gmt":"2025-07-22T04:04:45","guid":{"rendered":"https:\/\/e.kosmolat.eu\/product\/glossy-bomb-lupu-spidums-tonis-24-7-5-ml\/"},"modified":"2026-03-04T11:06:35","modified_gmt":"2026-03-04T11:06:35","slug":"glossy-bomb-lupu-spidums-tonis-24-7-5-ml","status":"publish","type":"product","link":"https:\/\/e.kosmolat.eu\/lv\/product\/glossy-bomb-lupu-spidums-tonis-24-7-5-ml\/","title":{"rendered":"Glossy Bomb l\u016bpu sp\u012bdums, tonis 24, 7.5 ml"},"content":{"rendered":"<p>Uzglab\u0101t temperat\u016br\u0101 no +2\u00b0C l\u012bdz +25\u00b0C.<\/p>\n","protected":false},"excerpt":{"rendered":"<p>Uzglab\u0101t temperat\u016br\u0101 no +2\u00b0C l\u012bdz +25\u00b0C.<\/p>\n","protected":false},"featured_media":93578,"template":"","meta":[],"product_cat":[1271],"product_tag":[],"class_list":{"0":"post-76152","1":"product","2":"type-product","3":"status-publish","4":"has-post-thumbnail","6":"product_brand-quiz_bim_pl","7":"product_cat-lupu-spidumi","9":"first","10":"instock","11":"taxable","12":"shipping-taxable","13":"product-type-simple"},"_links":{"self":[{"href":"https:\/\/e.kosmolat.eu\/lv\/wp-json\/wp\/v2\/product\/76152","targetHints":{"allow":["GET"]}}],"collection":[{"href":"https:\/\/e.kosmolat.eu\/lv\/wp-json\/wp\/v2\/product"}],"about":[{"href":"https:\/\/e.kosmolat.eu\/lv\/wp-json\/wp\/v2\/types\/product"}],"wp:featuredmedia":[{"embeddable":true,"href":"https:\/\/e.kosmolat.eu\/lv\/wp-json\/wp\/v2\/media\/93578"}],"wp:attachment":[{"href":"https:\/\/e.kosmolat.eu\/lv\/wp-json\/wp\/v2\/media?parent=76152"}],"wp:term":[{"taxonomy":"product_cat","embeddable":true,"href":"https:\/\/e.kosmolat.eu\/lv\/wp-json\/wp\/v2\/product_cat?post=76152"},{"taxonomy":"product_tag","embeddable":true,"href":"https:\/\/e.kosmolat.eu\/lv\/wp-json\/wp\/v2\/product_tag?post=76152"}],"curies":[{"name":"wp","href":"https:\/\/api.w.org\/{rel}","templated":true}]}}