{"id":76104,"date":"2025-07-22T04:03:09","date_gmt":"2025-07-22T04:03:09","guid":{"rendered":"https:\/\/e.kosmolat.eu\/product\/camouflage-mask-tonal-kr-ar-e-vit-tonis-01-soft-beige-30-ml\/"},"modified":"2026-04-10T07:02:39","modified_gmt":"2026-04-10T07:02:39","slug":"camouflage-mask-tonal-kr-ar-e-vit-tonis-01-soft-beige-30-ml","status":"publish","type":"product","link":"https:\/\/e.kosmolat.eu\/lv\/product\/camouflage-mask-tonal-kr-ar-e-vit-tonis-01-soft-beige-30-ml\/","title":{"rendered":"Camouflage Mask. ton\u0101l kr. ar E vit., tonis 01 Soft Beige, 30 ml"},"content":{"rendered":"<p>\u2022 Piln\u012bgi nosedz \u0101das nepiln\u012bbas<br \/>\n\u2022 Mask\u0113 asinsvadus, aps\u0101rtumu un izsitumus<br \/>\n\u2022 Mitrina \u0101du<br \/>\n\u2022 Pie\u0161\u0137ir mat\u0113tu efektu<br \/>\n\u2022 Absorb\u0113 lieko sebumu<\/p>\n<p>Uzglab\u0101t temperat\u016br\u0101 no +2\u00b0C l\u012bdz +25\u00b0C.<\/p>\n","protected":false},"excerpt":{"rendered":"<p>\u2022 Piln\u012bgi nosedz \u0101das nepiln\u012bbas \u2022 Mask\u0113 asinsvadus, aps\u0101rtumu un izsitumus \u2022 Mitrina \u0101du \u2022 Pie\u0161\u0137ir mat\u0113tu efektu \u2022 Absorb\u0113 lieko sebumu Uzglab\u0101t temperat\u016br\u0101 no +2\u00b0C l\u012bdz +25\u00b0C.<\/p>\n","protected":false},"featured_media":93546,"template":"","meta":[],"product_cat":[1292],"product_tag":[],"class_list":{"0":"post-76104","1":"product","2":"type-product","3":"status-publish","4":"has-post-thumbnail","6":"product_brand-quiz_bim_pl","7":"product_cat-1292","9":"first","10":"instock","11":"taxable","12":"shipping-taxable","13":"product-type-simple"},"_links":{"self":[{"href":"https:\/\/e.kosmolat.eu\/lv\/wp-json\/wp\/v2\/product\/76104","targetHints":{"allow":["GET"]}}],"collection":[{"href":"https:\/\/e.kosmolat.eu\/lv\/wp-json\/wp\/v2\/product"}],"about":[{"href":"https:\/\/e.kosmolat.eu\/lv\/wp-json\/wp\/v2\/types\/product"}],"wp:featuredmedia":[{"embeddable":true,"href":"https:\/\/e.kosmolat.eu\/lv\/wp-json\/wp\/v2\/media\/93546"}],"wp:attachment":[{"href":"https:\/\/e.kosmolat.eu\/lv\/wp-json\/wp\/v2\/media?parent=76104"}],"wp:term":[{"taxonomy":"product_cat","embeddable":true,"href":"https:\/\/e.kosmolat.eu\/lv\/wp-json\/wp\/v2\/product_cat?post=76104"},{"taxonomy":"product_tag","embeddable":true,"href":"https:\/\/e.kosmolat.eu\/lv\/wp-json\/wp\/v2\/product_tag?post=76104"}],"curies":[{"name":"wp","href":"https:\/\/api.w.org\/{rel}","templated":true}]}}