{"id":76043,"date":"2025-07-19T04:06:34","date_gmt":"2025-07-19T04:06:34","guid":{"rendered":"https:\/\/e.kosmolat.eu\/product\/topface-skin-editor-korektors-005-5-5-ml\/"},"modified":"2026-04-11T19:05:15","modified_gmt":"2026-04-11T19:05:15","slug":"topface-skin-editor-konsilers-005-5-5-ml","status":"publish","type":"product","link":"https:\/\/e.kosmolat.eu\/lv\/product\/topface-skin-editor-konsilers-005-5-5-ml\/","title":{"rendered":"Topface Skin Editor  Konsilers  005, 5.5 ml"},"content":{"rendered":"<p>Korektors ir rad\u012bts, lai nomask\u0113tu tum\u0161os lokus zem ac\u012bm un samazin\u0101tu m\u012bmikas krunci\u0146as. Tas nodro\u0161ina \u0101tru mitrin\u0101\u0161anu, rada komforta saj\u016btu, un \u0101da ap ac\u012bm izskat\u0101s svaiga un kopta. Pateicoties bag\u0101t\u012bgajai tekst\u016brai, korektors pal\u012bdz nosl\u0113pt \u0101das nepiln\u012bbas, pie\u0161\u0137ir dab\u012bgu toni pievilc\u012bg\u0101kam izskatam un pasarg\u0101 no jaunu krunci\u0146u ra\u0161an\u0101s. Pateicoties \u0113rtajam aplikatoram, uzkl\u0101\u0161anas process ir maksim\u0101li vienk\u0101r\u0161ots.<\/p>\n<p>P\u0113c katras lieto\u0161anas cie\u0161i aizveriet v\u0101ci\u0146u. Ja main\u0101s smar\u017ea vai izskats, p\u0101rtrauciet lieto\u0161anu. Tikai \u0101r\u012bgai lieto\u0161anai. Uzglab\u0101t temperat\u016br\u0101 no 20 l\u012bdz 25\u202f\u00b0C, sarg\u0101jot no tie\u0161iem saules stariem. Uzglab\u0101t b\u0113rniem nepieejam\u0101 viet\u0101.<\/p>\n","protected":false},"excerpt":{"rendered":"<p>Korektors ir rad\u012bts, lai nomask\u0113tu tum\u0161os lokus zem ac\u012bm un samazin\u0101tu m\u012bmikas krunci\u0146as. Tas nodro\u0161ina \u0101tru mitrin\u0101\u0161anu, rada komforta saj\u016btu, un \u0101da ap ac\u012bm izskat\u0101s svaiga un kopta. Pateicoties bag\u0101t\u012bgajai tekst\u016brai, korektors pal\u012bdz nosl\u0113pt \u0101das nepiln\u012bbas, pie\u0161\u0137ir dab\u012bgu toni pievilc\u012bg\u0101kam izskatam un pasarg\u0101 no jaunu krunci\u0146u ra\u0161an\u0101s. Pateicoties \u0113rtajam aplikatoram, uzkl\u0101\u0161anas process ir maksim\u0101li vienk\u0101r\u0161ots. [&#8230;]\n","protected":false},"featured_media":95354,"template":"","meta":[],"product_cat":[1488],"product_tag":[],"class_list":{"0":"post-76043","1":"product","2":"type-product","3":"status-publish","4":"has-post-thumbnail","6":"product_brand-top-face-tr","7":"product_cat-korektori","9":"first","10":"instock","11":"taxable","12":"shipping-taxable","13":"product-type-simple"},"_links":{"self":[{"href":"https:\/\/e.kosmolat.eu\/lv\/wp-json\/wp\/v2\/product\/76043","targetHints":{"allow":["GET"]}}],"collection":[{"href":"https:\/\/e.kosmolat.eu\/lv\/wp-json\/wp\/v2\/product"}],"about":[{"href":"https:\/\/e.kosmolat.eu\/lv\/wp-json\/wp\/v2\/types\/product"}],"wp:featuredmedia":[{"embeddable":true,"href":"https:\/\/e.kosmolat.eu\/lv\/wp-json\/wp\/v2\/media\/95354"}],"wp:attachment":[{"href":"https:\/\/e.kosmolat.eu\/lv\/wp-json\/wp\/v2\/media?parent=76043"}],"wp:term":[{"taxonomy":"product_cat","embeddable":true,"href":"https:\/\/e.kosmolat.eu\/lv\/wp-json\/wp\/v2\/product_cat?post=76043"},{"taxonomy":"product_tag","embeddable":true,"href":"https:\/\/e.kosmolat.eu\/lv\/wp-json\/wp\/v2\/product_tag?post=76043"}],"curies":[{"name":"wp","href":"https:\/\/api.w.org\/{rel}","templated":true}]}}