{"id":75947,"date":"2025-07-19T04:03:07","date_gmt":"2025-07-19T04:03:07","guid":{"rendered":"https:\/\/e.kosmolat.eu\/product\/topface-skin-twin-004-sedzoss-tonalais-krems-spf-20-30-ml\/"},"modified":"2026-04-21T05:50:09","modified_gmt":"2026-04-21T05:50:09","slug":"topface-skin-twin-004-sedzoss-tonalais-krems-spf-20-30-ml","status":"publish","type":"product","link":"https:\/\/e.kosmolat.eu\/lv\/product\/topface-skin-twin-004-sedzoss-tonalais-krems-spf-20-30-ml\/","title":{"rendered":"Topface Skin Twin 004 Sedzo\u0161s ton\u0101lais kr\u0113ms SPF 20, 30 ml"},"content":{"rendered":"<p>Ton\u0101lais kr\u0113ms nodro\u0161ina dab\u012bgu un notur\u012bgu sat\u012bna p\u0101rkl\u0101jumu nevainojamam grimam. \u012apa\u0161\u0101 formula ir bag\u0101tin\u0101ta ar sast\u0101vda\u013cu kompleksu ar mitrino\u0161\u0101m, nomierino\u0161\u0101m un antioksidanta \u012bpa\u0161\u012bb\u0101m. Ton\u0101lais kr\u0113ms pie\u0161\u0137ir \u0101dai z\u012bdainu, vieglu un mitrin\u0101tu saj\u016btu. Formul\u0101 iek\u013cautais SPF 20 aizsarg\u0101 \u0101du no kait\u012bg\u0101s ultravioleto staru iedarb\u012bbas. Satur Benzophenone-3.<\/p>\n<p>K\u0101rt\u012bgi sakratiet pirms lieto\u0161anas. P\u0113c katras lieto\u0161anas cie\u0161i aizveriet v\u0101ci\u0146u. Ja main\u0101s smar\u017ea vai izskats, p\u0101rtrauciet lieto\u0161anu. Tikai \u0101r\u012bgai lieto\u0161anai. Uzglab\u0101t temperat\u016br\u0101 no 20 l\u012bdz 25\u202f\u00b0C, sarg\u0101jot no tie\u0161iem saules stariem. Uzglab\u0101t b\u0113rniem nepieejam\u0101 viet\u0101.<\/p>\n","protected":false},"excerpt":{"rendered":"<p>Ton\u0101lais kr\u0113ms nodro\u0161ina dab\u012bgu un notur\u012bgu sat\u012bna p\u0101rkl\u0101jumu nevainojamam grimam. \u012apa\u0161\u0101 formula ir bag\u0101tin\u0101ta ar sast\u0101vda\u013cu kompleksu ar mitrino\u0161\u0101m, nomierino\u0161\u0101m un antioksidanta \u012bpa\u0161\u012bb\u0101m. Ton\u0101lais kr\u0113ms pie\u0161\u0137ir \u0101dai z\u012bdainu, vieglu un mitrin\u0101tu saj\u016btu. Formul\u0101 iek\u013cautais SPF 20 aizsarg\u0101 \u0101du no kait\u012bg\u0101s ultravioleto staru iedarb\u012bbas. Satur Benzophenone-3. K\u0101rt\u012bgi sakratiet pirms lieto\u0161anas. P\u0113c katras lieto\u0161anas cie\u0161i aizveriet v\u0101ci\u0146u. [&#8230;]\n","protected":false},"featured_media":95306,"template":"","meta":[],"product_cat":[1292],"product_tag":[],"class_list":{"0":"post-75947","1":"product","2":"type-product","3":"status-publish","4":"has-post-thumbnail","6":"product_brand-top-face-tr","7":"product_cat-1292","9":"first","10":"instock","11":"taxable","12":"shipping-taxable","13":"product-type-simple"},"_links":{"self":[{"href":"https:\/\/e.kosmolat.eu\/lv\/wp-json\/wp\/v2\/product\/75947","targetHints":{"allow":["GET"]}}],"collection":[{"href":"https:\/\/e.kosmolat.eu\/lv\/wp-json\/wp\/v2\/product"}],"about":[{"href":"https:\/\/e.kosmolat.eu\/lv\/wp-json\/wp\/v2\/types\/product"}],"wp:featuredmedia":[{"embeddable":true,"href":"https:\/\/e.kosmolat.eu\/lv\/wp-json\/wp\/v2\/media\/95306"}],"wp:attachment":[{"href":"https:\/\/e.kosmolat.eu\/lv\/wp-json\/wp\/v2\/media?parent=75947"}],"wp:term":[{"taxonomy":"product_cat","embeddable":true,"href":"https:\/\/e.kosmolat.eu\/lv\/wp-json\/wp\/v2\/product_cat?post=75947"},{"taxonomy":"product_tag","embeddable":true,"href":"https:\/\/e.kosmolat.eu\/lv\/wp-json\/wp\/v2\/product_tag?post=75947"}],"curies":[{"name":"wp","href":"https:\/\/api.w.org\/{rel}","templated":true}]}}