{"id":75931,"date":"2025-07-19T04:02:36","date_gmt":"2025-07-19T04:02:36","guid":{"rendered":"https:\/\/e.kosmolat.eu\/product\/topface-instyle-204-perfect-coverage-tonalais-krems-spf-20-30-ml\/"},"modified":"2026-04-11T19:01:57","modified_gmt":"2026-04-11T19:01:57","slug":"topface-instyle-204-perfect-coverage-tonalais-krems-spf-20-30-ml","status":"publish","type":"product","link":"https:\/\/e.kosmolat.eu\/lv\/product\/topface-instyle-204-perfect-coverage-tonalais-krems-spf-20-30-ml\/","title":{"rendered":"Topface Instyle 204 Perfect Coverage Ton\u0101lais kr\u0113ms SPF 20, 30 ml"},"content":{"rendered":"<p>Ide\u0101ls p\u0101rkl\u0101jums visas dienas garum\u0101, mitrino\u0161a formula. Viss vien\u0101. Palmaria Palmata ekstrakts pie\u0161\u0137ir \u0101dai dab\u012bgu un vesel\u012bgu toni. Formula satur miner\u0101lvielas, kas pal\u012bdz saglab\u0101t \u0101das mitruma l\u012bdzsvaru. SPF 20 aizsarg\u0101 pret kait\u012bgo saules starojumu. M\u016bsdien\u012bga neinvaz\u012bva formula nodro\u0161in\u0101s nevainojamu sejas toni. Satur Benzophenone-3.<\/p>\n<p>K\u0101rt\u012bgi sakratiet pirms lieto\u0161anas. P\u0113c katras lieto\u0161anas cie\u0161i aizveriet v\u0101ci\u0146u. Ja main\u0101s smar\u017ea vai izskats, p\u0101rtrauciet lieto\u0161anu. Tikai \u0101r\u012bgai lieto\u0161anai. Uzglab\u0101t temperat\u016br\u0101 no 20 l\u012bdz 25\u202f\u00b0C, sarg\u0101jot no tie\u0161iem saules stariem. Uzglab\u0101t b\u0113rniem nepieejam\u0101 viet\u0101.<\/p>\n","protected":false},"excerpt":{"rendered":"<p>Ide\u0101ls p\u0101rkl\u0101jums visas dienas garum\u0101, mitrino\u0161a formula. Viss vien\u0101. Palmaria Palmata ekstrakts pie\u0161\u0137ir \u0101dai dab\u012bgu un vesel\u012bgu toni. Formula satur miner\u0101lvielas, kas pal\u012bdz saglab\u0101t \u0101das mitruma l\u012bdzsvaru. SPF 20 aizsarg\u0101 pret kait\u012bgo saules starojumu. M\u016bsdien\u012bga neinvaz\u012bva formula nodro\u0161in\u0101s nevainojamu sejas toni. Satur Benzophenone-3. K\u0101rt\u012bgi sakratiet pirms lieto\u0161anas. P\u0113c katras lieto\u0161anas cie\u0161i aizveriet v\u0101ci\u0146u. Ja main\u0101s [&#8230;]\n","protected":false},"featured_media":95298,"template":"","meta":[],"product_cat":[1289],"product_tag":[],"class_list":{"0":"post-75931","1":"product","2":"type-product","3":"status-publish","4":"has-post-thumbnail","6":"product_brand-top-face-tr","7":"product_cat-grima-pamats","9":"first","10":"instock","11":"taxable","12":"shipping-taxable","13":"product-type-simple"},"_links":{"self":[{"href":"https:\/\/e.kosmolat.eu\/lv\/wp-json\/wp\/v2\/product\/75931","targetHints":{"allow":["GET"]}}],"collection":[{"href":"https:\/\/e.kosmolat.eu\/lv\/wp-json\/wp\/v2\/product"}],"about":[{"href":"https:\/\/e.kosmolat.eu\/lv\/wp-json\/wp\/v2\/types\/product"}],"wp:featuredmedia":[{"embeddable":true,"href":"https:\/\/e.kosmolat.eu\/lv\/wp-json\/wp\/v2\/media\/95298"}],"wp:attachment":[{"href":"https:\/\/e.kosmolat.eu\/lv\/wp-json\/wp\/v2\/media?parent=75931"}],"wp:term":[{"taxonomy":"product_cat","embeddable":true,"href":"https:\/\/e.kosmolat.eu\/lv\/wp-json\/wp\/v2\/product_cat?post=75931"},{"taxonomy":"product_tag","embeddable":true,"href":"https:\/\/e.kosmolat.eu\/lv\/wp-json\/wp\/v2\/product_tag?post=75931"}],"curies":[{"name":"wp","href":"https:\/\/api.w.org\/{rel}","templated":true}]}}