{"id":75867,"date":"2025-07-19T04:00:32","date_gmt":"2025-07-19T04:00:32","guid":{"rendered":"https:\/\/e.kosmolat.eu\/product\/topface-profesionals-kosmetikas-suklis\/"},"modified":"2026-03-31T21:37:19","modified_gmt":"2026-03-31T21:37:19","slug":"topface-profesionals-kosmetikas-suklis","status":"publish","type":"product","link":"https:\/\/e.kosmolat.eu\/lv\/product\/topface-profesionals-kosmetikas-suklis\/","title":{"rendered":"Topface Profesion\u0101ls kosm\u0113tikas s\u016bklis"},"content":{"rendered":"<p>S\u016bklis ir \u012bpa\u0161i izstr\u0101d\u0101ts profesion\u0101lai kosm\u0113tikas uzkl\u0101\u0161anai. Tas atvieglo ton\u0101l\u0101 kr\u0113ma, p\u016bdera, \u0161\u0137idro vaigu s\u0101rtumu un izgaismot\u0101ja uzkl\u0101\u0161anu.<\/p>\n<p>Lieto\u0161ana: ar s\u016bk\u013ca plato pusi uzkl\u0101jiet iecien\u012bto produktu uz sejas \u0101das ar viegliem uzsitieniem. \u0160aur\u0101k\u0101s zon\u0101s izmantojiet s\u016bk\u013ca galu, kas nodro\u0161ina vienk\u0101r\u0161u lieto\u0161anu. S\u016bklis ir piem\u0113rots gan sausai, gan mitrai uzkl\u0101\u0161anai. P\u0113c lieto\u0161anas not\u012briet s\u016bkli un r\u016bp\u012bgi izskalojiet ar siltu \u016bdeni.<\/p>\n<p>Br\u012bdin\u0101jums: uzglab\u0101t b\u0113rniem nepieejam\u0101 viet\u0101.<\/p>\n","protected":false},"excerpt":{"rendered":"<p>S\u016bklis ir \u012bpa\u0161i izstr\u0101d\u0101ts profesion\u0101lai kosm\u0113tikas uzkl\u0101\u0161anai. Tas atvieglo ton\u0101l\u0101 kr\u0113ma, p\u016bdera, \u0161\u0137idro vaigu s\u0101rtumu un izgaismot\u0101ja uzkl\u0101\u0161anu. Lieto\u0161ana: ar s\u016bk\u013ca plato pusi uzkl\u0101jiet iecien\u012bto produktu uz sejas \u0101das ar viegliem uzsitieniem. \u0160aur\u0101k\u0101s zon\u0101s izmantojiet s\u016bk\u013ca galu, kas nodro\u0161ina vienk\u0101r\u0161u lieto\u0161anu. S\u016bklis ir piem\u0113rots gan sausai, gan mitrai uzkl\u0101\u0161anai. P\u0113c lieto\u0161anas not\u012briet s\u016bkli un r\u016bp\u012bgi [&#8230;]\n","protected":false},"featured_media":95654,"template":"","meta":[],"product_cat":[1549],"product_tag":[],"class_list":{"0":"post-75867","1":"product","2":"type-product","3":"status-publish","4":"has-post-thumbnail","6":"product_brand-top-face-tr","7":"product_cat-sponzi-un-aplikatori","9":"first","10":"outofstock","11":"taxable","12":"shipping-taxable","13":"product-type-simple"},"_links":{"self":[{"href":"https:\/\/e.kosmolat.eu\/lv\/wp-json\/wp\/v2\/product\/75867","targetHints":{"allow":["GET"]}}],"collection":[{"href":"https:\/\/e.kosmolat.eu\/lv\/wp-json\/wp\/v2\/product"}],"about":[{"href":"https:\/\/e.kosmolat.eu\/lv\/wp-json\/wp\/v2\/types\/product"}],"wp:featuredmedia":[{"embeddable":true,"href":"https:\/\/e.kosmolat.eu\/lv\/wp-json\/wp\/v2\/media\/95654"}],"wp:attachment":[{"href":"https:\/\/e.kosmolat.eu\/lv\/wp-json\/wp\/v2\/media?parent=75867"}],"wp:term":[{"taxonomy":"product_cat","embeddable":true,"href":"https:\/\/e.kosmolat.eu\/lv\/wp-json\/wp\/v2\/product_cat?post=75867"},{"taxonomy":"product_tag","embeddable":true,"href":"https:\/\/e.kosmolat.eu\/lv\/wp-json\/wp\/v2\/product_tag?post=75867"}],"curies":[{"name":"wp","href":"https:\/\/api.w.org\/{rel}","templated":true}]}}