{"id":75834,"date":"2025-07-18T04:11:46","date_gmt":"2025-07-18T04:11:46","guid":{"rendered":"https:\/\/e.kosmolat.eu\/product\/matu-kemme-9305\/"},"modified":"2026-04-01T16:51:24","modified_gmt":"2026-04-01T16:51:24","slug":"matu-kemme-9305","status":"publish","type":"product","link":"https:\/\/e.kosmolat.eu\/lv\/product\/matu-kemme-9305\/","title":{"rendered":"Matu \u0137emme 9305"},"content":{"rendered":"<p>Izgatavota no plastisk\u0101 materi\u0101la. Iztur\u012bga, elast\u012bga, nesalau\u017eama, ja to lieto tai paredz\u0113tam m\u0113r\u0137im. Netiek pak\u013cauta matu \u0137imijas iedarb\u012bbai. Lielu karstumu iztur\u012bga.<\/p>\n","protected":false},"excerpt":{"rendered":"<p>Izgatavota no plastisk\u0101 materi\u0101la. Iztur\u012bga, elast\u012bga, nesalau\u017eama, ja to lieto tai paredz\u0113tam m\u0113r\u0137im. Netiek pak\u013cauta matu \u0137imijas iedarb\u012bbai. Lielu karstumu iztur\u012bga.<\/p>\n","protected":false},"featured_media":79874,"template":"","meta":[],"product_cat":[1667],"product_tag":[],"class_list":{"0":"post-75834","1":"product","2":"type-product","3":"status-publish","4":"has-post-thumbnail","6":"product_brand-donegal-sp-zo-o-_pl","7":"product_cat-aksesuari-matiem","9":"first","10":"instock","11":"taxable","12":"shipping-taxable","13":"product-type-simple"},"_links":{"self":[{"href":"https:\/\/e.kosmolat.eu\/lv\/wp-json\/wp\/v2\/product\/75834","targetHints":{"allow":["GET"]}}],"collection":[{"href":"https:\/\/e.kosmolat.eu\/lv\/wp-json\/wp\/v2\/product"}],"about":[{"href":"https:\/\/e.kosmolat.eu\/lv\/wp-json\/wp\/v2\/types\/product"}],"wp:featuredmedia":[{"embeddable":true,"href":"https:\/\/e.kosmolat.eu\/lv\/wp-json\/wp\/v2\/media\/79874"}],"wp:attachment":[{"href":"https:\/\/e.kosmolat.eu\/lv\/wp-json\/wp\/v2\/media?parent=75834"}],"wp:term":[{"taxonomy":"product_cat","embeddable":true,"href":"https:\/\/e.kosmolat.eu\/lv\/wp-json\/wp\/v2\/product_cat?post=75834"},{"taxonomy":"product_tag","embeddable":true,"href":"https:\/\/e.kosmolat.eu\/lv\/wp-json\/wp\/v2\/product_tag?post=75834"}],"curies":[{"name":"wp","href":"https:\/\/api.w.org\/{rel}","templated":true}]}}