{"id":75818,"date":"2025-07-18T04:11:12","date_gmt":"2025-07-18T04:11:12","guid":{"rendered":"https:\/\/e.kosmolat.eu\/product\/topface-instyle-lasting-finish-korektors-007-3-5-ml\/"},"modified":"2026-04-20T06:05:44","modified_gmt":"2026-04-20T06:05:44","slug":"topface-instyle-lasting-finish-konsilers-007-3-5-ml","status":"publish","type":"product","link":"https:\/\/e.kosmolat.eu\/lv\/product\/topface-instyle-lasting-finish-konsilers-007-3-5-ml\/","title":{"rendered":"Topface Instyle Lasting Finish  Konsilers  007, 3.5 ml"},"content":{"rendered":"<p>Sast\u0101v\u0101 eso\u0161ie \u0101rstniec\u012bbas augu ekstrakti nodro\u0161ina mitrino\u0161u un atjaunojo\u0161u iedarb\u012bbu uz maigo \u0101du ap ac\u012bm, radot ide\u0101lu p\u0101rkl\u0101jumu un efekt\u012bvi mask\u0113jot tum\u0161os lokus. Pateicoties maigajai tekst\u016brai un saudz\u012bgajai formulai, tas veido lielisku pamatu acu grimam.<\/p>\n<p>P\u0113c katras lieto\u0161anas cie\u0161i aizveriet v\u0101ci\u0146u. Ja main\u0101s smar\u017ea vai izskats, p\u0101rtrauciet lieto\u0161anu. Tikai \u0101r\u012bgai lieto\u0161anai. Uzglab\u0101t temperat\u016br\u0101 no 20 l\u012bdz 25\u202f\u00b0C, sarg\u0101jot no tie\u0161iem saules stariem. Uzglab\u0101t b\u0113rniem nepieejam\u0101 viet\u0101.<\/p>\n","protected":false},"excerpt":{"rendered":"<p>Sast\u0101v\u0101 eso\u0161ie \u0101rstniec\u012bbas augu ekstrakti nodro\u0161ina mitrino\u0161u un atjaunojo\u0161u iedarb\u012bbu uz maigo \u0101du ap ac\u012bm, radot ide\u0101lu p\u0101rkl\u0101jumu un efekt\u012bvi mask\u0113jot tum\u0161os lokus. Pateicoties maigajai tekst\u016brai un saudz\u012bgajai formulai, tas veido lielisku pamatu acu grimam. P\u0113c katras lieto\u0161anas cie\u0161i aizveriet v\u0101ci\u0146u. Ja main\u0101s smar\u017ea vai izskats, p\u0101rtrauciet lieto\u0161anu. Tikai \u0101r\u012bgai lieto\u0161anai. Uzglab\u0101t temperat\u016br\u0101 no 20 [&#8230;]\n","protected":false},"featured_media":95286,"template":"","meta":[],"product_cat":[1488],"product_tag":[],"class_list":{"0":"post-75818","1":"product","2":"type-product","3":"status-publish","4":"has-post-thumbnail","6":"product_brand-top-face-tr","7":"product_cat-korektori","9":"first","10":"instock","11":"taxable","12":"shipping-taxable","13":"product-type-simple"},"_links":{"self":[{"href":"https:\/\/e.kosmolat.eu\/lv\/wp-json\/wp\/v2\/product\/75818","targetHints":{"allow":["GET"]}}],"collection":[{"href":"https:\/\/e.kosmolat.eu\/lv\/wp-json\/wp\/v2\/product"}],"about":[{"href":"https:\/\/e.kosmolat.eu\/lv\/wp-json\/wp\/v2\/types\/product"}],"wp:featuredmedia":[{"embeddable":true,"href":"https:\/\/e.kosmolat.eu\/lv\/wp-json\/wp\/v2\/media\/95286"}],"wp:attachment":[{"href":"https:\/\/e.kosmolat.eu\/lv\/wp-json\/wp\/v2\/media?parent=75818"}],"wp:term":[{"taxonomy":"product_cat","embeddable":true,"href":"https:\/\/e.kosmolat.eu\/lv\/wp-json\/wp\/v2\/product_cat?post=75818"},{"taxonomy":"product_tag","embeddable":true,"href":"https:\/\/e.kosmolat.eu\/lv\/wp-json\/wp\/v2\/product_tag?post=75818"}],"curies":[{"name":"wp","href":"https:\/\/api.w.org\/{rel}","templated":true}]}}