{"id":75802,"date":"2025-07-18T04:10:36","date_gmt":"2025-07-18T04:10:36","guid":{"rendered":"https:\/\/e.kosmolat.eu\/product\/topface-instyle-wd-005-puderis-saus-un-mitr-lietos-10-g\/"},"modified":"2026-04-11T19:32:49","modified_gmt":"2026-04-11T19:32:49","slug":"topface-instyle-wd-005-puderis-saus-un-mitr-lietos-10-g","status":"publish","type":"product","link":"https:\/\/e.kosmolat.eu\/lv\/product\/topface-instyle-wd-005-puderis-saus-un-mitr-lietos-10-g\/","title":{"rendered":"Topface Instyle W&#038;D 005 p\u016bderis saus. un mitr. lieto\u0161., 10 g"},"content":{"rendered":"<p>P\u016bderi var uzkl\u0101t gan saus\u0101, gan mitr\u0101 veid\u0101, lai j\u016bsu \u0101da izskat\u012btos maiga un z\u012bdaina. Sast\u0101v\u0101 eso\u0161\u0101 kam\u0113lijas e\u013c\u013ca mitrina \u0101du un pal\u012bdz pasarg\u0101t to no br\u012bvajiem radik\u0101\u013ciem.<\/p>\n<p>P\u0113c lieto\u0161anas izmazg\u0101jiet s\u016bkl\u012bti. Pirms ievieto\u0161anas tam paredz\u0113taj\u0101 nodal\u012bjum\u0101 p\u0101rliecinieties, ka tas ir piln\u012bb\u0101 sauss.<\/p>\n","protected":false},"excerpt":{"rendered":"<p>P\u016bderi var uzkl\u0101t gan saus\u0101, gan mitr\u0101 veid\u0101, lai j\u016bsu \u0101da izskat\u012btos maiga un z\u012bdaina. Sast\u0101v\u0101 eso\u0161\u0101 kam\u0113lijas e\u013c\u013ca mitrina \u0101du un pal\u012bdz pasarg\u0101t to no br\u012bvajiem radik\u0101\u013ciem. P\u0113c lieto\u0161anas izmazg\u0101jiet s\u016bkl\u012bti. Pirms ievieto\u0161anas tam paredz\u0113taj\u0101 nodal\u012bjum\u0101 p\u0101rliecinieties, ka tas ir piln\u012bb\u0101 sauss.<\/p>\n","protected":false},"featured_media":95266,"template":"","meta":[],"product_cat":[1485],"product_tag":[],"class_list":{"0":"post-75802","1":"product","2":"type-product","3":"status-publish","4":"has-post-thumbnail","6":"product_brand-top-face-tr","7":"product_cat-puderi","9":"first","10":"outofstock","11":"taxable","12":"shipping-taxable","13":"product-type-simple"},"_links":{"self":[{"href":"https:\/\/e.kosmolat.eu\/lv\/wp-json\/wp\/v2\/product\/75802","targetHints":{"allow":["GET"]}}],"collection":[{"href":"https:\/\/e.kosmolat.eu\/lv\/wp-json\/wp\/v2\/product"}],"about":[{"href":"https:\/\/e.kosmolat.eu\/lv\/wp-json\/wp\/v2\/types\/product"}],"wp:featuredmedia":[{"embeddable":true,"href":"https:\/\/e.kosmolat.eu\/lv\/wp-json\/wp\/v2\/media\/95266"}],"wp:attachment":[{"href":"https:\/\/e.kosmolat.eu\/lv\/wp-json\/wp\/v2\/media?parent=75802"}],"wp:term":[{"taxonomy":"product_cat","embeddable":true,"href":"https:\/\/e.kosmolat.eu\/lv\/wp-json\/wp\/v2\/product_cat?post=75802"},{"taxonomy":"product_tag","embeddable":true,"href":"https:\/\/e.kosmolat.eu\/lv\/wp-json\/wp\/v2\/product_tag?post=75802"}],"curies":[{"name":"wp","href":"https:\/\/api.w.org\/{rel}","templated":true}]}}