{"id":75786,"date":"2025-07-18T04:10:03","date_gmt":"2025-07-18T04:10:03","guid":{"rendered":"https:\/\/e.kosmolat.eu\/product\/topface-sens-pore-minimizer-003-mineralu-grima-baze-30-ml\/"},"modified":"2026-04-11T19:31:39","modified_gmt":"2026-04-11T19:31:39","slug":"topface-sens-pore-minimizer-003-mineralu-grima-baze-30-ml","status":"publish","type":"product","link":"https:\/\/e.kosmolat.eu\/lv\/product\/topface-sens-pore-minimizer-003-mineralu-grima-baze-30-ml\/","title":{"rendered":"Topface Sens. Pore Minimizer 003 Miner\u0101lu grima b\u0101ze , 30 ml"},"content":{"rendered":"<p>Ide\u0101l\u0101 l\u012bdzek\u013ca formula satur vitam\u012bnu un miner\u0101lvielu kompleksu. Nogludina \u0101das virsmu un samazina s\u012bko krunci\u0146u par\u0101d\u012b\u0161anos. Lieliski sagatavo \u0101du grima uzkl\u0101\u0161anai.<\/p>\n<p>Lieto\u0161ana: vienm\u0113r\u012bgi uzkl\u0101jiet l\u012bdzekli uz \u0101das, izvairoties no acu zonas.<\/p>\n<p>Piem\u0113rots sausai un jut\u012bgai \u0101dai. Nesatur dz\u012bvnieku izcelsmes sast\u0101vda\u013cas. Nav test\u0113ts uz dz\u012bvniekiem. Pirms lieto\u0161anas k\u0101rt\u012bgi sakrat\u012bt.<\/p>\n","protected":false},"excerpt":{"rendered":"<p>Ide\u0101l\u0101 l\u012bdzek\u013ca formula satur vitam\u012bnu un miner\u0101lvielu kompleksu. Nogludina \u0101das virsmu un samazina s\u012bko krunci\u0146u par\u0101d\u012b\u0161anos. Lieliski sagatavo \u0101du grima uzkl\u0101\u0161anai. Lieto\u0161ana: vienm\u0113r\u012bgi uzkl\u0101jiet l\u012bdzekli uz \u0101das, izvairoties no acu zonas. Piem\u0113rots sausai un jut\u012bgai \u0101dai. Nesatur dz\u012bvnieku izcelsmes sast\u0101vda\u013cas. Nav test\u0113ts uz dz\u012bvniekiem. Pirms lieto\u0161anas k\u0101rt\u012bgi sakrat\u012bt.<\/p>\n","protected":false},"featured_media":95242,"template":"","meta":[],"product_cat":[1289],"product_tag":[],"class_list":{"0":"post-75786","1":"product","2":"type-product","3":"status-publish","4":"has-post-thumbnail","6":"product_brand-top-face-tr","7":"product_cat-grima-pamats","9":"first","10":"outofstock","11":"taxable","12":"shipping-taxable","13":"product-type-simple"},"_links":{"self":[{"href":"https:\/\/e.kosmolat.eu\/lv\/wp-json\/wp\/v2\/product\/75786","targetHints":{"allow":["GET"]}}],"collection":[{"href":"https:\/\/e.kosmolat.eu\/lv\/wp-json\/wp\/v2\/product"}],"about":[{"href":"https:\/\/e.kosmolat.eu\/lv\/wp-json\/wp\/v2\/types\/product"}],"wp:featuredmedia":[{"embeddable":true,"href":"https:\/\/e.kosmolat.eu\/lv\/wp-json\/wp\/v2\/media\/95242"}],"wp:attachment":[{"href":"https:\/\/e.kosmolat.eu\/lv\/wp-json\/wp\/v2\/media?parent=75786"}],"wp:term":[{"taxonomy":"product_cat","embeddable":true,"href":"https:\/\/e.kosmolat.eu\/lv\/wp-json\/wp\/v2\/product_cat?post=75786"},{"taxonomy":"product_tag","embeddable":true,"href":"https:\/\/e.kosmolat.eu\/lv\/wp-json\/wp\/v2\/product_tag?post=75786"}],"curies":[{"name":"wp","href":"https:\/\/api.w.org\/{rel}","templated":true}]}}