{"id":75770,"date":"2025-07-18T04:09:23","date_gmt":"2025-07-18T04:09:23","guid":{"rendered":"https:\/\/e.kosmolat.eu\/product\/topface-maestro-academy-002-blush-bouquet-vaigu-sartumu-palete-8-g\/"},"modified":"2026-04-21T05:48:59","modified_gmt":"2026-04-21T05:48:59","slug":"topface-maestro-academy-002-blush-bouquet-vaigu-sartumu-palete-8-g","status":"publish","type":"product","link":"https:\/\/e.kosmolat.eu\/lv\/product\/topface-maestro-academy-002-blush-bouquet-vaigu-sartumu-palete-8-g\/","title":{"rendered":"Topface Maestro Academy 002 Blush Bouquet Vaigu s\u0101rtumu palete , 8 g"},"content":{"rendered":"<p>Palete ir rad\u012bta, lai izceltu j\u016bsu dabisko vaigu s\u0101rtumu. Izbaudiet neatvair\u0101mos paletes to\u0146us, kas apvieno viz\u0101\u017eistu visbie\u017e\u0101k izmantot\u0101s kr\u0101sas. Katra palete apvieno 4 spilgtus to\u0146us, kas nodro\u0161ina intens\u012bvu mitrin\u0101\u0161anu, pateicoties augstajam skval\u0113na saturam. Skval\u0113ns: nodro\u0161ina intens\u012bvu mitrino\u0161u efektu, r\u016bp\u0113jas par \u0101du un pie\u0161\u0137ir tai mirdzumu.<\/p>\n","protected":false},"excerpt":{"rendered":"<p>Palete ir rad\u012bta, lai izceltu j\u016bsu dabisko vaigu s\u0101rtumu. Izbaudiet neatvair\u0101mos paletes to\u0146us, kas apvieno viz\u0101\u017eistu visbie\u017e\u0101k izmantot\u0101s kr\u0101sas. Katra palete apvieno 4 spilgtus to\u0146us, kas nodro\u0161ina intens\u012bvu mitrin\u0101\u0161anu, pateicoties augstajam skval\u0113na saturam. Skval\u0113ns: nodro\u0161ina intens\u012bvu mitrino\u0161u efektu, r\u016bp\u0113jas par \u0101du un pie\u0161\u0137ir tai mirdzumu.<\/p>\n","protected":false},"featured_media":94974,"template":"","meta":[],"product_cat":[1496],"product_tag":[],"class_list":{"0":"post-75770","1":"product","2":"type-product","3":"status-publish","4":"has-post-thumbnail","6":"product_brand-top-face-tr","7":"product_cat-1496","9":"first","10":"instock","11":"taxable","12":"shipping-taxable","13":"product-type-simple"},"_links":{"self":[{"href":"https:\/\/e.kosmolat.eu\/lv\/wp-json\/wp\/v2\/product\/75770","targetHints":{"allow":["GET"]}}],"collection":[{"href":"https:\/\/e.kosmolat.eu\/lv\/wp-json\/wp\/v2\/product"}],"about":[{"href":"https:\/\/e.kosmolat.eu\/lv\/wp-json\/wp\/v2\/types\/product"}],"wp:featuredmedia":[{"embeddable":true,"href":"https:\/\/e.kosmolat.eu\/lv\/wp-json\/wp\/v2\/media\/94974"}],"wp:attachment":[{"href":"https:\/\/e.kosmolat.eu\/lv\/wp-json\/wp\/v2\/media?parent=75770"}],"wp:term":[{"taxonomy":"product_cat","embeddable":true,"href":"https:\/\/e.kosmolat.eu\/lv\/wp-json\/wp\/v2\/product_cat?post=75770"},{"taxonomy":"product_tag","embeddable":true,"href":"https:\/\/e.kosmolat.eu\/lv\/wp-json\/wp\/v2\/product_tag?post=75770"}],"curies":[{"name":"wp","href":"https:\/\/api.w.org\/{rel}","templated":true}]}}