{"id":75738,"date":"2025-07-18T04:08:15","date_gmt":"2025-07-18T04:08:15","guid":{"rendered":"https:\/\/e.kosmolat.eu\/product\/topface-instyle-blush-on-006-vaigu-sartums-10-g\/"},"modified":"2026-04-11T18:58:08","modified_gmt":"2026-04-11T18:58:08","slug":"topface-instyle-blush-on-006-vaigu-sartums-10-g","status":"publish","type":"product","link":"https:\/\/e.kosmolat.eu\/lv\/product\/topface-instyle-blush-on-006-vaigu-sartums-10-g\/","title":{"rendered":"Topface Instyle Blush On 006 Vaigu s\u0101rtums, 10 g"},"content":{"rendered":"<p>Instyle vaigu s\u0101rtums pal\u012bdz izcelt vaigu kaulus un pie\u0161\u0137ir tiem dabisku s\u0101rtumu. Formula ar kam\u0113lijas un makad\u0101mijas e\u013c\u013c\u0101m mitrina \u0101du.<\/p>\n","protected":false},"excerpt":{"rendered":"<p>Instyle vaigu s\u0101rtums pal\u012bdz izcelt vaigu kaulus un pie\u0161\u0137ir tiem dabisku s\u0101rtumu. Formula ar kam\u0113lijas un makad\u0101mijas e\u013c\u013c\u0101m mitrina \u0101du.<\/p>\n","protected":false},"featured_media":94958,"template":"","meta":[],"product_cat":[1497],"product_tag":[],"class_list":{"0":"post-75738","1":"product","2":"type-product","3":"status-publish","4":"has-post-thumbnail","6":"product_brand-top-face-tr","7":"product_cat-skaistalai","9":"first","10":"instock","11":"taxable","12":"shipping-taxable","13":"product-type-simple"},"_links":{"self":[{"href":"https:\/\/e.kosmolat.eu\/lv\/wp-json\/wp\/v2\/product\/75738","targetHints":{"allow":["GET"]}}],"collection":[{"href":"https:\/\/e.kosmolat.eu\/lv\/wp-json\/wp\/v2\/product"}],"about":[{"href":"https:\/\/e.kosmolat.eu\/lv\/wp-json\/wp\/v2\/types\/product"}],"wp:featuredmedia":[{"embeddable":true,"href":"https:\/\/e.kosmolat.eu\/lv\/wp-json\/wp\/v2\/media\/94958"}],"wp:attachment":[{"href":"https:\/\/e.kosmolat.eu\/lv\/wp-json\/wp\/v2\/media?parent=75738"}],"wp:term":[{"taxonomy":"product_cat","embeddable":true,"href":"https:\/\/e.kosmolat.eu\/lv\/wp-json\/wp\/v2\/product_cat?post=75738"},{"taxonomy":"product_tag","embeddable":true,"href":"https:\/\/e.kosmolat.eu\/lv\/wp-json\/wp\/v2\/product_tag?post=75738"}],"curies":[{"name":"wp","href":"https:\/\/api.w.org\/{rel}","templated":true}]}}