{"id":75706,"date":"2025-07-18T04:07:06","date_gmt":"2025-07-18T04:07:06","guid":{"rendered":"https:\/\/e.kosmolat.eu\/product\/topface-instyle-twin-blush-006-vaigu-sartums-2-toni-10-g\/"},"modified":"2026-04-11T18:57:18","modified_gmt":"2026-04-11T18:57:18","slug":"topface-instyle-twin-blush-006-vaigu-sartums-2-toni-10-g","status":"publish","type":"product","link":"https:\/\/e.kosmolat.eu\/lv\/product\/topface-instyle-twin-blush-006-vaigu-sartums-2-toni-10-g\/","title":{"rendered":"Topface Instyle Twin Blush 006 Vaigu s\u0101rtums, 2 to\u0146i, 10 g"},"content":{"rendered":"<p>Divto\u0146u vaigu s\u0101rtums pied\u0101v\u0101 vair\u0101k iesp\u0113ju to\u0146u kombin\u0113\u0161anai, lai izceltu vaigu kaulus un pie\u0161\u0137irtu grimam izteiksm\u012bg\u0101ku izskatu.<\/p>\n","protected":false},"excerpt":{"rendered":"<p>Divto\u0146u vaigu s\u0101rtums pied\u0101v\u0101 vair\u0101k iesp\u0113ju to\u0146u kombin\u0113\u0161anai, lai izceltu vaigu kaulus un pie\u0161\u0137irtu grimam izteiksm\u012bg\u0101ku izskatu.<\/p>\n","protected":false},"featured_media":94942,"template":"","meta":[],"product_cat":[1497],"product_tag":[],"class_list":{"0":"post-75706","1":"product","2":"type-product","3":"status-publish","4":"has-post-thumbnail","6":"product_brand-top-face-tr","7":"product_cat-skaistalai","9":"first","10":"instock","11":"taxable","12":"shipping-taxable","13":"product-type-simple"},"_links":{"self":[{"href":"https:\/\/e.kosmolat.eu\/lv\/wp-json\/wp\/v2\/product\/75706","targetHints":{"allow":["GET"]}}],"collection":[{"href":"https:\/\/e.kosmolat.eu\/lv\/wp-json\/wp\/v2\/product"}],"about":[{"href":"https:\/\/e.kosmolat.eu\/lv\/wp-json\/wp\/v2\/types\/product"}],"wp:featuredmedia":[{"embeddable":true,"href":"https:\/\/e.kosmolat.eu\/lv\/wp-json\/wp\/v2\/media\/94942"}],"wp:attachment":[{"href":"https:\/\/e.kosmolat.eu\/lv\/wp-json\/wp\/v2\/media?parent=75706"}],"wp:term":[{"taxonomy":"product_cat","embeddable":true,"href":"https:\/\/e.kosmolat.eu\/lv\/wp-json\/wp\/v2\/product_cat?post=75706"},{"taxonomy":"product_tag","embeddable":true,"href":"https:\/\/e.kosmolat.eu\/lv\/wp-json\/wp\/v2\/product_tag?post=75706"}],"curies":[{"name":"wp","href":"https:\/\/api.w.org\/{rel}","templated":true}]}}