{"id":75666,"date":"2025-07-18T04:05:42","date_gmt":"2025-07-18T04:05:42","guid":{"rendered":"https:\/\/e.kosmolat.eu\/product\/topface-super-match-005-tonalais-puderis-24-h-10-g\/"},"modified":"2026-04-11T18:56:15","modified_gmt":"2026-04-11T18:56:15","slug":"topface-super-match-005-tonalais-puderis-24-h-10-g","status":"publish","type":"product","link":"https:\/\/e.kosmolat.eu\/lv\/product\/topface-super-match-005-tonalais-puderis-24-h-10-g\/","title":{"rendered":"Topface Super Match 005 Ton\u0101lais p\u016bderis 24 H, 10 g"},"content":{"rendered":"<p>Ton\u0101lais l\u012bdzeklis un p\u016bderis vien\u0101 flakon\u0101! T\u0101 inovat\u012bv\u0101 formula ar hialuronsk\u0101bi un akt\u012bv\u0101m sast\u0101vda\u013c\u0101m pal\u012bdz nodro\u0161in\u0101t \u0101das mitrin\u0101\u0161anu l\u012bdz pat 24 stund\u0101m un izce\u013c t\u0101s dabisko mirdzumu. Pateicoties pies\u0101tin\u0101tajai tekst\u016brai ar augstu pigmentu koncentr\u0101ciju, tas nodro\u0161ina bl\u012bvu p\u0101rkl\u0101jumu un ilgsto\u0161u efektu, l\u012bdz\u012bgu ton\u0101lajam kr\u0113mam. L\u012bdzeklis izl\u012bdzina un kontrol\u0113 \u0101das toni \u2013 t\u0101 izskat\u0101s svaiga un nevainojama.<\/p>\n","protected":false},"excerpt":{"rendered":"<p>Ton\u0101lais l\u012bdzeklis un p\u016bderis vien\u0101 flakon\u0101! T\u0101 inovat\u012bv\u0101 formula ar hialuronsk\u0101bi un akt\u012bv\u0101m sast\u0101vda\u013c\u0101m pal\u012bdz nodro\u0161in\u0101t \u0101das mitrin\u0101\u0161anu l\u012bdz pat 24 stund\u0101m un izce\u013c t\u0101s dabisko mirdzumu. Pateicoties pies\u0101tin\u0101tajai tekst\u016brai ar augstu pigmentu koncentr\u0101ciju, tas nodro\u0161ina bl\u012bvu p\u0101rkl\u0101jumu un ilgsto\u0161u efektu, l\u012bdz\u012bgu ton\u0101lajam kr\u0113mam. L\u012bdzeklis izl\u012bdzina un kontrol\u0113 \u0101das toni \u2013 t\u0101 izskat\u0101s svaiga un [&#8230;]\n","protected":false},"featured_media":94922,"template":"","meta":[],"product_cat":[1487],"product_tag":[],"class_list":{"0":"post-75666","1":"product","2":"type-product","3":"status-publish","4":"has-post-thumbnail","6":"product_brand-top-face-tr","7":"product_cat-pudros","9":"first","10":"instock","11":"taxable","12":"shipping-taxable","13":"product-type-simple"},"_links":{"self":[{"href":"https:\/\/e.kosmolat.eu\/lv\/wp-json\/wp\/v2\/product\/75666","targetHints":{"allow":["GET"]}}],"collection":[{"href":"https:\/\/e.kosmolat.eu\/lv\/wp-json\/wp\/v2\/product"}],"about":[{"href":"https:\/\/e.kosmolat.eu\/lv\/wp-json\/wp\/v2\/types\/product"}],"wp:featuredmedia":[{"embeddable":true,"href":"https:\/\/e.kosmolat.eu\/lv\/wp-json\/wp\/v2\/media\/94922"}],"wp:attachment":[{"href":"https:\/\/e.kosmolat.eu\/lv\/wp-json\/wp\/v2\/media?parent=75666"}],"wp:term":[{"taxonomy":"product_cat","embeddable":true,"href":"https:\/\/e.kosmolat.eu\/lv\/wp-json\/wp\/v2\/product_cat?post=75666"},{"taxonomy":"product_tag","embeddable":true,"href":"https:\/\/e.kosmolat.eu\/lv\/wp-json\/wp\/v2\/product_tag?post=75666"}],"curies":[{"name":"wp","href":"https:\/\/api.w.org\/{rel}","templated":true}]}}