{"id":75642,"date":"2025-07-18T04:04:48","date_gmt":"2025-07-18T04:04:48","guid":{"rendered":"https:\/\/e.kosmolat.eu\/product\/topface-maestro-academy-002-mineralist-sejas-konturesanas-palete-3in1-8-g\/"},"modified":"2026-04-21T11:39:17","modified_gmt":"2026-04-21T11:39:17","slug":"topface-maestro-academy-002-mineralist-sejas-konturesanas-palete-3in1-8-g","status":"publish","type":"product","link":"https:\/\/e.kosmolat.eu\/lv\/product\/topface-maestro-academy-002-mineralist-sejas-konturesanas-palete-3in1-8-g\/","title":{"rendered":"Topface Maestro Academy 002 Mineralist Sejas kontur\u0113\u0161anas palete 3in1,  8 g"},"content":{"rendered":"<p>\u2022 Skulptors<br \/>\n\u2022 Hailaiters<br \/>\n\u2022 Bronzeris<\/p>\n<p>Topface Maestro Academy Mineralist Contour palete, kur\u0101 \u0113rti apvienoti tr\u012bs produkti: kontur\u0113\u0161anas l\u012bdzeklis, bronzeris un hailaiters.<br \/>\nFormula izstr\u0101d\u0101ta, lai izceltu j\u016bsu skaistumu. Palete pieejama divos variantos \u2013 ar gai\u0161\u0101kiem un silt\u0101kiem to\u0146iem. Sast\u0101v\u0101 eso\u0161ais miner\u0101lu komplekss un skval\u0101ns padara \u0101du glud\u0101ku un pie\u0161\u0137ir tai siltu mirdzumu.<\/p>\n","protected":false},"excerpt":{"rendered":"<p>\u2022 Skulptors \u2022 Hailaiters \u2022 Bronzeris Topface Maestro Academy Mineralist Contour palete, kur\u0101 \u0113rti apvienoti tr\u012bs produkti: kontur\u0113\u0161anas l\u012bdzeklis, bronzeris un hailaiters. Formula izstr\u0101d\u0101ta, lai izceltu j\u016bsu skaistumu. Palete pieejama divos variantos \u2013 ar gai\u0161\u0101kiem un silt\u0101kiem to\u0146iem. Sast\u0101v\u0101 eso\u0161ais miner\u0101lu komplekss un skval\u0101ns padara \u0101du glud\u0101ku un pie\u0161\u0137ir tai siltu mirdzumu.<\/p>\n","protected":false},"featured_media":94910,"template":"","meta":[],"product_cat":[1999],"product_tag":[],"class_list":{"0":"post-75642","1":"product","2":"type-product","3":"status-publish","4":"has-post-thumbnail","6":"product_brand-top-face-tr","7":"product_cat-bez-kategorijas","9":"first","10":"outofstock","11":"taxable","12":"shipping-taxable","13":"product-type-simple"},"_links":{"self":[{"href":"https:\/\/e.kosmolat.eu\/lv\/wp-json\/wp\/v2\/product\/75642","targetHints":{"allow":["GET"]}}],"collection":[{"href":"https:\/\/e.kosmolat.eu\/lv\/wp-json\/wp\/v2\/product"}],"about":[{"href":"https:\/\/e.kosmolat.eu\/lv\/wp-json\/wp\/v2\/types\/product"}],"wp:featuredmedia":[{"embeddable":true,"href":"https:\/\/e.kosmolat.eu\/lv\/wp-json\/wp\/v2\/media\/94910"}],"wp:attachment":[{"href":"https:\/\/e.kosmolat.eu\/lv\/wp-json\/wp\/v2\/media?parent=75642"}],"wp:term":[{"taxonomy":"product_cat","embeddable":true,"href":"https:\/\/e.kosmolat.eu\/lv\/wp-json\/wp\/v2\/product_cat?post=75642"},{"taxonomy":"product_tag","embeddable":true,"href":"https:\/\/e.kosmolat.eu\/lv\/wp-json\/wp\/v2\/product_tag?post=75642"}],"curies":[{"name":"wp","href":"https:\/\/api.w.org\/{rel}","templated":true}]}}