{"id":75602,"date":"2025-07-18T04:03:26","date_gmt":"2025-07-18T04:03:26","guid":{"rendered":"https:\/\/e.kosmolat.eu\/product\/topface-skin-editor-007-matejoss-kompaktpud-spf-15-10-g\/"},"modified":"2026-04-11T18:54:57","modified_gmt":"2026-04-11T18:54:57","slug":"topface-skin-editor-007-matejoss-kompaktpud-spf-15-10-g","status":"publish","type":"product","link":"https:\/\/e.kosmolat.eu\/lv\/product\/topface-skin-editor-007-matejoss-kompaktpud-spf-15-10-g\/","title":{"rendered":"Topface Skin Editor 007 Matejo\u0161s kompaktp\u016bd. SPF 15, 10 g"},"content":{"rendered":"<p>Mat\u0113jo\u0161s kompaktp\u016bderis nosl\u0113dz grimu, pie\u0161\u0137irot \u0101dai z\u012bdainu gludumu un izce\u013cot sejas kont\u016bras. Pateicoties \u012bpa\u0161ajai formulai, kas pie\u0161\u0137ir dabisku mat\u0113tu efektu, grims izskat\u0101s svaigs un nevainojams visas dienas garum\u0101.<\/p>\n","protected":false},"excerpt":{"rendered":"<p>Mat\u0113jo\u0161s kompaktp\u016bderis nosl\u0113dz grimu, pie\u0161\u0137irot \u0101dai z\u012bdainu gludumu un izce\u013cot sejas kont\u016bras. Pateicoties \u012bpa\u0161ajai formulai, kas pie\u0161\u0137ir dabisku mat\u0113tu efektu, grims izskat\u0101s svaigs un nevainojams visas dienas garum\u0101.<\/p>\n","protected":false},"featured_media":94890,"template":"","meta":[],"product_cat":[1485],"product_tag":[],"class_list":{"0":"post-75602","1":"product","2":"type-product","3":"status-publish","4":"has-post-thumbnail","6":"product_brand-top-face-tr","7":"product_cat-puderi","9":"first","10":"instock","11":"taxable","12":"shipping-taxable","13":"product-type-simple"},"_links":{"self":[{"href":"https:\/\/e.kosmolat.eu\/lv\/wp-json\/wp\/v2\/product\/75602","targetHints":{"allow":["GET"]}}],"collection":[{"href":"https:\/\/e.kosmolat.eu\/lv\/wp-json\/wp\/v2\/product"}],"about":[{"href":"https:\/\/e.kosmolat.eu\/lv\/wp-json\/wp\/v2\/types\/product"}],"wp:featuredmedia":[{"embeddable":true,"href":"https:\/\/e.kosmolat.eu\/lv\/wp-json\/wp\/v2\/media\/94890"}],"wp:attachment":[{"href":"https:\/\/e.kosmolat.eu\/lv\/wp-json\/wp\/v2\/media?parent=75602"}],"wp:term":[{"taxonomy":"product_cat","embeddable":true,"href":"https:\/\/e.kosmolat.eu\/lv\/wp-json\/wp\/v2\/product_cat?post=75602"},{"taxonomy":"product_tag","embeddable":true,"href":"https:\/\/e.kosmolat.eu\/lv\/wp-json\/wp\/v2\/product_tag?post=75602"}],"curies":[{"name":"wp","href":"https:\/\/api.w.org\/{rel}","templated":true}]}}