{"id":75544,"date":"2025-07-17T04:07:08","date_gmt":"2025-07-17T04:07:08","guid":{"rendered":"https:\/\/e.kosmolat.eu\/product\/ekel-snail-ipasi-mitr-auduma-sejas-maska-ar-gliemezu-muc-ekstr-25-ml\/"},"modified":"2026-04-24T05:30:58","modified_gmt":"2026-04-24T05:30:58","slug":"ekel-snail-ipasi-mitr-auduma-sejas-maska-ar-gliemezu-muc-ekstr-25-ml","status":"publish","type":"product","link":"https:\/\/e.kosmolat.eu\/lv\/product\/ekel-snail-ipasi-mitr-auduma-sejas-maska-ar-gliemezu-muc-ekstr-25-ml\/","title":{"rendered":"Ekel Snail \u012apa\u0161i mitr. auduma sejas maska ar glieme\u017eu muc. ekstr., 25 ml"},"content":{"rendered":"<p>Lieto\u0161ana: Uzkl\u0101jiet masku uz iepriek\u0161 att\u012br\u012btas sejas \u0101das. Atst\u0101jiet to uz 20-30 min\u016bt\u0113m, p\u0113c tam no\u0146emiet masku un ar mas\u0113jo\u0161\u0101m kust\u012bb\u0101m vienm\u0113r\u012bgi sadaliet atliku\u0161o l\u012bdzekli pa sejas un kakla \u0101du, l\u012bdz tas piln\u012bb\u0101 uzs\u016bcas. Vasar\u0101, lai sniegtu atsvaidzino\u0161u efektu, masku ieteicams atdzes\u0113t ledusskap\u012b (neiz\u0146emot no iepakojuma). Ziem\u0101 masku ieteicams uzsild\u012bt karst\u0101 \u016bden\u012b l\u012bdz 50-60 \u00b0C (neiz\u0146emot no iepakojuma).<\/p>\n<p>Tikai \u0101r\u012bgai lieto\u0161anai. Izvairieties no saskares ar ac\u012bm. Uzglab\u0101t temperat\u016br\u0101 no +5 \u00b0C l\u012bdz +25 \u00b0C, b\u0113rniem nepieejam\u0101 viet\u0101.  Ja rodas kairin\u0101jums, nekav\u0113joties p\u0101rtrauciet lieto\u0161anu.<\/p>\n","protected":false},"excerpt":{"rendered":"<p>Lieto\u0161ana: Uzkl\u0101jiet masku uz iepriek\u0161 att\u012br\u012btas sejas \u0101das. Atst\u0101jiet to uz 20-30 min\u016bt\u0113m, p\u0113c tam no\u0146emiet masku un ar mas\u0113jo\u0161\u0101m kust\u012bb\u0101m vienm\u0113r\u012bgi sadaliet atliku\u0161o l\u012bdzekli pa sejas un kakla \u0101du, l\u012bdz tas piln\u012bb\u0101 uzs\u016bcas. Vasar\u0101, lai sniegtu atsvaidzino\u0161u efektu, masku ieteicams atdzes\u0113t ledusskap\u012b (neiz\u0146emot no iepakojuma). Ziem\u0101 masku ieteicams uzsild\u012bt karst\u0101 \u016bden\u012b l\u012bdz 50-60 \u00b0C [&#8230;]\n","protected":false},"featured_media":96242,"template":"","meta":[],"product_cat":[1370],"product_tag":[],"class_list":{"0":"post-75544","1":"product","2":"type-product","3":"status-publish","4":"has-post-thumbnail","6":"product_brand-replay_kr","7":"product_cat-1370","9":"first","10":"instock","11":"taxable","12":"shipping-taxable","13":"product-type-simple"},"_links":{"self":[{"href":"https:\/\/e.kosmolat.eu\/lv\/wp-json\/wp\/v2\/product\/75544","targetHints":{"allow":["GET"]}}],"collection":[{"href":"https:\/\/e.kosmolat.eu\/lv\/wp-json\/wp\/v2\/product"}],"about":[{"href":"https:\/\/e.kosmolat.eu\/lv\/wp-json\/wp\/v2\/types\/product"}],"wp:featuredmedia":[{"embeddable":true,"href":"https:\/\/e.kosmolat.eu\/lv\/wp-json\/wp\/v2\/media\/96242"}],"wp:attachment":[{"href":"https:\/\/e.kosmolat.eu\/lv\/wp-json\/wp\/v2\/media?parent=75544"}],"wp:term":[{"taxonomy":"product_cat","embeddable":true,"href":"https:\/\/e.kosmolat.eu\/lv\/wp-json\/wp\/v2\/product_cat?post=75544"},{"taxonomy":"product_tag","embeddable":true,"href":"https:\/\/e.kosmolat.eu\/lv\/wp-json\/wp\/v2\/product_tag?post=75544"}],"curies":[{"name":"wp","href":"https:\/\/api.w.org\/{rel}","templated":true}]}}