{"id":75472,"date":"2025-07-17T04:04:32","date_gmt":"2025-07-17T04:04:32","guid":{"rendered":"https:\/\/e.kosmolat.eu\/product\/mill-aromatizets-demineralizets-udens-maijpukite-122-l\/"},"modified":"2026-04-08T13:46:24","modified_gmt":"2026-04-08T13:46:24","slug":"mill-aromatizets-demineralizets-udens-maijpukite-122-l","status":"publish","type":"product","link":"https:\/\/e.kosmolat.eu\/lv\/product\/mill-aromatizets-demineralizets-udens-maijpukite-122-l\/","title":{"rendered":"Mill Aromatiz\u0113ts demineraliz\u0113ts \u016bdens Maijpu\u0137\u012bte, 1,22 l"},"content":{"rendered":"<p>\u016adens ar augstu t\u012br\u012bbas pak\u0101pi gludek\u013ciem un tvaika \u0123eneratoriem.<\/p>\n<p>100% NOV\u0112R\u0160 KA\u013b\u0136AKME\u0145A VEIDO\u0160ANOS.<\/p>\n<p>Lietot: \u2022 gludek\u013ciem ar mitrin\u0101t\u0101ju, \u2022 tvaika stacij\u0101m, \u2022 ap\u0123\u0113rba tvaic\u0113t\u0101jiem, \u2022 tvaika \u0123eneratoriem.<\/p>\n<p>Uzglab\u0101t temperat\u016br\u0101 no +5 l\u012bdz +35\u202f\u00b0C.<\/p>\n<p>Sast\u0101v\u0101: Smar\u017eas un arom\u0101tisk\u0101s kompoz\u012bcijas.<\/p>\n<p>Var izrais\u012bt aler\u0123isku reakciju. Sarg\u0101t no b\u0113rniem.<\/p>\n","protected":false},"excerpt":{"rendered":"<p>\u016adens ar augstu t\u012br\u012bbas pak\u0101pi gludek\u013ciem un tvaika \u0123eneratoriem. 100% NOV\u0112R\u0160 KA\u013b\u0136AKME\u0145A VEIDO\u0160ANOS. Lietot: \u2022 gludek\u013ciem ar mitrin\u0101t\u0101ju, \u2022 tvaika stacij\u0101m, \u2022 ap\u0123\u0113rba tvaic\u0113t\u0101jiem, \u2022 tvaika \u0123eneratoriem. Uzglab\u0101t temperat\u016br\u0101 no +5 l\u012bdz +35\u202f\u00b0C. Sast\u0101v\u0101: Smar\u017eas un arom\u0101tisk\u0101s kompoz\u012bcijas. Var izrais\u012bt aler\u0123isku reakciju. Sarg\u0101t no b\u0113rniem.<\/p>\n","protected":false},"featured_media":96138,"template":"","meta":[],"product_cat":[1999],"product_tag":[],"class_list":{"0":"post-75472","1":"product","2":"type-product","3":"status-publish","4":"has-post-thumbnail","6":"product_brand-madonis_pl","7":"product_cat-bez-kategorijas","9":"first","10":"instock","11":"taxable","12":"shipping-taxable","13":"product-type-simple"},"_links":{"self":[{"href":"https:\/\/e.kosmolat.eu\/lv\/wp-json\/wp\/v2\/product\/75472","targetHints":{"allow":["GET"]}}],"collection":[{"href":"https:\/\/e.kosmolat.eu\/lv\/wp-json\/wp\/v2\/product"}],"about":[{"href":"https:\/\/e.kosmolat.eu\/lv\/wp-json\/wp\/v2\/types\/product"}],"wp:featuredmedia":[{"embeddable":true,"href":"https:\/\/e.kosmolat.eu\/lv\/wp-json\/wp\/v2\/media\/96138"}],"wp:attachment":[{"href":"https:\/\/e.kosmolat.eu\/lv\/wp-json\/wp\/v2\/media?parent=75472"}],"wp:term":[{"taxonomy":"product_cat","embeddable":true,"href":"https:\/\/e.kosmolat.eu\/lv\/wp-json\/wp\/v2\/product_cat?post=75472"},{"taxonomy":"product_tag","embeddable":true,"href":"https:\/\/e.kosmolat.eu\/lv\/wp-json\/wp\/v2\/product_tag?post=75472"}],"curies":[{"name":"wp","href":"https:\/\/api.w.org\/{rel}","templated":true}]}}