{"id":75464,"date":"2025-07-17T04:04:16","date_gmt":"2025-07-17T04:04:16","guid":{"rendered":"https:\/\/e.kosmolat.eu\/product\/mill-clean-demineralizets-udens-1-22-l\/"},"modified":"2026-04-09T08:43:30","modified_gmt":"2026-04-09T08:43:30","slug":"mill-clean-demineralizets-udens-1-22-l","status":"publish","type":"product","link":"https:\/\/e.kosmolat.eu\/lv\/product\/mill-clean-demineralizets-udens-1-22-l\/","title":{"rendered":"MILL Clean Demineraliz\u0113ts \u016bdens, 1.22 l"},"content":{"rendered":"<p>\u016adens ar augstu t\u012br\u012bbas pak\u0101pi gludek\u013ciem, tvaika \u0123eneratoriem un gaisa mitrin\u0101t\u0101jiem.<\/p>\n<p>100% NOV\u0112R\u0160 KA\u013b\u0136AKME\u0145A VEIDO\u0160ANOS.<\/p>\n<p>Lietot:<br \/>\n\u2022 gludek\u013ciem ar mitrin\u0101t\u0101ju, \u2022 tvaika stacij\u0101m, \u2022 ap\u0123\u0113rba tvaic\u0113t\u0101jiem, \u2022 tvaika \u0123eneratoriem, \u2022 m\u0101jas kosm\u0113tikas ra\u017eo\u0161anai, \u2022 kr\u0101s\u0101m uz \u016bdens b\u0101zes, \u2022 akumulatoriem, \u2022 automa\u0161\u012bnu radiatoriem, \u2022 tvaika sterilizatoriem.<\/p>\n<p>Uzglab\u0101t temperat\u016br\u0101 no +5 l\u012bdz +35\u202f\u00b0C.<\/p>\n<p>Sast\u0101v\u0101: Konservanti: Methylchloroisothiazolinone\/ Methylisothiazolinone.<\/p>\n<p>EUH208 Satur: reakcijas masa: 5-hlor-2-metil- 2H-izotiazol-3-ons; 2-metil-2H- izotiazol-3-ons (3:1).Var izrais\u012bt aler\u0123isku reakciju.<br \/>\nDro\u0161\u012bbas pras\u012bbu apz\u012bm\u0113jumi:<br \/>\nP102 Sarg\u0101t no b\u0113rniem.<\/p>\n","protected":false},"excerpt":{"rendered":"<p>\u016adens ar augstu t\u012br\u012bbas pak\u0101pi gludek\u013ciem, tvaika \u0123eneratoriem un gaisa mitrin\u0101t\u0101jiem. 100% NOV\u0112R\u0160 KA\u013b\u0136AKME\u0145A VEIDO\u0160ANOS. Lietot: \u2022 gludek\u013ciem ar mitrin\u0101t\u0101ju, \u2022 tvaika stacij\u0101m, \u2022 ap\u0123\u0113rba tvaic\u0113t\u0101jiem, \u2022 tvaika \u0123eneratoriem, \u2022 m\u0101jas kosm\u0113tikas ra\u017eo\u0161anai, \u2022 kr\u0101s\u0101m uz \u016bdens b\u0101zes, \u2022 akumulatoriem, \u2022 automa\u0161\u012bnu radiatoriem, \u2022 tvaika sterilizatoriem. Uzglab\u0101t temperat\u016br\u0101 no +5 l\u012bdz +35\u202f\u00b0C. Sast\u0101v\u0101: Konservanti: Methylchloroisothiazolinone\/ [&#8230;]\n","protected":false},"featured_media":96134,"template":"","meta":[],"product_cat":[1999],"product_tag":[],"class_list":{"0":"post-75464","1":"product","2":"type-product","3":"status-publish","4":"has-post-thumbnail","6":"product_brand-madonis_pl","7":"product_cat-bez-kategorijas","9":"first","10":"outofstock","11":"taxable","12":"shipping-taxable","13":"product-type-simple"},"_links":{"self":[{"href":"https:\/\/e.kosmolat.eu\/lv\/wp-json\/wp\/v2\/product\/75464","targetHints":{"allow":["GET"]}}],"collection":[{"href":"https:\/\/e.kosmolat.eu\/lv\/wp-json\/wp\/v2\/product"}],"about":[{"href":"https:\/\/e.kosmolat.eu\/lv\/wp-json\/wp\/v2\/types\/product"}],"wp:featuredmedia":[{"embeddable":true,"href":"https:\/\/e.kosmolat.eu\/lv\/wp-json\/wp\/v2\/media\/96134"}],"wp:attachment":[{"href":"https:\/\/e.kosmolat.eu\/lv\/wp-json\/wp\/v2\/media?parent=75464"}],"wp:term":[{"taxonomy":"product_cat","embeddable":true,"href":"https:\/\/e.kosmolat.eu\/lv\/wp-json\/wp\/v2\/product_cat?post=75464"},{"taxonomy":"product_tag","embeddable":true,"href":"https:\/\/e.kosmolat.eu\/lv\/wp-json\/wp\/v2\/product_tag?post=75464"}],"curies":[{"name":"wp","href":"https:\/\/api.w.org\/{rel}","templated":true}]}}