{"id":75456,"date":"2025-07-17T04:04:00","date_gmt":"2025-07-17T04:04:00","guid":{"rendered":"https:\/\/e.kosmolat.eu\/product\/topface-instyle-birstosais-puderis-104-10-g\/"},"modified":"2026-04-11T19:32:25","modified_gmt":"2026-04-11T19:32:25","slug":"topface-instyle-birstosais-puderis-104-10-g","status":"publish","type":"product","link":"https:\/\/e.kosmolat.eu\/lv\/product\/topface-instyle-birstosais-puderis-104-10-g\/","title":{"rendered":"Topface Instyle Birsto\u0161ais p\u016bderis 104, 10 g"},"content":{"rendered":"<p>\u0160\u012b p\u016bdera da\u013ci\u0146as un tekst\u016bra ide\u0101li nosl\u0113gs j\u016bsu grimu. Uzkl\u0101jiet ar piem\u0113rotu oti\u0146u vai s\u016bkl\u012bti.<\/p>\n","protected":false},"excerpt":{"rendered":"<p>\u0160\u012b p\u016bdera da\u013ci\u0146as un tekst\u016bra ide\u0101li nosl\u0113gs j\u016bsu grimu. Uzkl\u0101jiet ar piem\u0113rotu oti\u0146u vai s\u016bkl\u012bti.<\/p>\n","protected":false},"featured_media":95258,"template":"","meta":[],"product_cat":[1487],"product_tag":[],"class_list":{"0":"post-75456","1":"product","2":"type-product","3":"status-publish","4":"has-post-thumbnail","6":"product_brand-top-face-tr","7":"product_cat-pudros","9":"first","10":"instock","11":"taxable","12":"shipping-taxable","13":"product-type-simple"},"_links":{"self":[{"href":"https:\/\/e.kosmolat.eu\/lv\/wp-json\/wp\/v2\/product\/75456","targetHints":{"allow":["GET"]}}],"collection":[{"href":"https:\/\/e.kosmolat.eu\/lv\/wp-json\/wp\/v2\/product"}],"about":[{"href":"https:\/\/e.kosmolat.eu\/lv\/wp-json\/wp\/v2\/types\/product"}],"wp:featuredmedia":[{"embeddable":true,"href":"https:\/\/e.kosmolat.eu\/lv\/wp-json\/wp\/v2\/media\/95258"}],"wp:attachment":[{"href":"https:\/\/e.kosmolat.eu\/lv\/wp-json\/wp\/v2\/media?parent=75456"}],"wp:term":[{"taxonomy":"product_cat","embeddable":true,"href":"https:\/\/e.kosmolat.eu\/lv\/wp-json\/wp\/v2\/product_cat?post=75456"},{"taxonomy":"product_tag","embeddable":true,"href":"https:\/\/e.kosmolat.eu\/lv\/wp-json\/wp\/v2\/product_tag?post=75456"}],"curies":[{"name":"wp","href":"https:\/\/api.w.org\/{rel}","templated":true}]}}