{"id":75424,"date":"2025-07-17T04:02:56","date_gmt":"2025-07-17T04:02:56","guid":{"rendered":"https:\/\/e.kosmolat.eu\/product\/topface-sensitive-natural-radiance-002-mineralu-grima-baze-30-ml\/"},"modified":"2026-04-20T06:00:00","modified_gmt":"2026-04-20T06:00:00","slug":"topface-sens-natural-radiance-002-mineralu-grima-baze-30-ml","status":"publish","type":"product","link":"https:\/\/e.kosmolat.eu\/lv\/product\/topface-sens-natural-radiance-002-mineralu-grima-baze-30-ml\/","title":{"rendered":"Topface Sens. Natural Radiance 002 Miner\u0101lu grima b\u0101ze, 30 ml"},"content":{"rendered":"<p>Formula ir izstr\u0101d\u0101ta ar vitam\u012bnu, miner\u0101lvielu un prebiotiku kompleksu. Pateicoties akt\u012bvajiem miner\u0101liem, t\u0101 pal\u012bdz pie\u0161\u0137irt \u0101dai dabisku un mirdzo\u0161u izskatu. Sagatavo \u0101du grima uzkl\u0101\u0161anai un uztur optim\u0101lu mitruma l\u012bmeni visas dienas garum\u0101. <\/p>\n<p>Lieto\u0161ana: vienm\u0113r\u012bgi uzkl\u0101jiet l\u012bdzekli uz \u0101das, izvairoties no acu zonas.<\/p>\n<p>Piem\u0113rots sausai un jut\u012bgai \u0101dai. Nesatur dz\u012bvnieku izcelsmes sast\u0101vda\u013cas. Nav test\u0113ts uz dz\u012bvniekiem. Pirms lieto\u0161anas k\u0101rt\u012bgi sakrat\u012bt.<\/p>\n","protected":false},"excerpt":{"rendered":"<p>Formula ir izstr\u0101d\u0101ta ar vitam\u012bnu, miner\u0101lvielu un prebiotiku kompleksu. Pateicoties akt\u012bvajiem miner\u0101liem, t\u0101 pal\u012bdz pie\u0161\u0137irt \u0101dai dabisku un mirdzo\u0161u izskatu. Sagatavo \u0101du grima uzkl\u0101\u0161anai un uztur optim\u0101lu mitruma l\u012bmeni visas dienas garum\u0101. Lieto\u0161ana: vienm\u0113r\u012bgi uzkl\u0101jiet l\u012bdzekli uz \u0101das, izvairoties no acu zonas. Piem\u0113rots sausai un jut\u012bgai \u0101dai. Nesatur dz\u012bvnieku izcelsmes sast\u0101vda\u013cas. Nav test\u0113ts uz dz\u012bvniekiem. [&#8230;]\n","protected":false},"featured_media":95238,"template":"","meta":[],"product_cat":[1291],"product_tag":[],"class_list":{"0":"post-75424","1":"product","2":"type-product","3":"status-publish","4":"has-post-thumbnail","6":"product_brand-top-face-tr","7":"product_cat-makiazo-pagrindas","9":"first","10":"outofstock","11":"taxable","12":"shipping-taxable","13":"product-type-simple"},"_links":{"self":[{"href":"https:\/\/e.kosmolat.eu\/lv\/wp-json\/wp\/v2\/product\/75424","targetHints":{"allow":["GET"]}}],"collection":[{"href":"https:\/\/e.kosmolat.eu\/lv\/wp-json\/wp\/v2\/product"}],"about":[{"href":"https:\/\/e.kosmolat.eu\/lv\/wp-json\/wp\/v2\/types\/product"}],"wp:featuredmedia":[{"embeddable":true,"href":"https:\/\/e.kosmolat.eu\/lv\/wp-json\/wp\/v2\/media\/95238"}],"wp:attachment":[{"href":"https:\/\/e.kosmolat.eu\/lv\/wp-json\/wp\/v2\/media?parent=75424"}],"wp:term":[{"taxonomy":"product_cat","embeddable":true,"href":"https:\/\/e.kosmolat.eu\/lv\/wp-json\/wp\/v2\/product_cat?post=75424"},{"taxonomy":"product_tag","embeddable":true,"href":"https:\/\/e.kosmolat.eu\/lv\/wp-json\/wp\/v2\/product_tag?post=75424"}],"curies":[{"name":"wp","href":"https:\/\/api.w.org\/{rel}","templated":true}]}}