{"id":75416,"date":"2025-07-17T04:02:39","date_gmt":"2025-07-17T04:02:39","guid":{"rendered":"https:\/\/e.kosmolat.eu\/product\/topface-sensitive-mineralu-korektors-3-in-1-005-12-ml\/"},"modified":"2026-04-11T19:31:16","modified_gmt":"2026-04-11T19:31:16","slug":"topface-005-sensitive-mineralu-korektors-3-in-1-12-ml","status":"publish","type":"product","link":"https:\/\/e.kosmolat.eu\/lv\/product\/topface-005-sensitive-mineralu-korektors-3-in-1-12-ml\/","title":{"rendered":"Topface 005 Sensitive Miner\u0101lu korektors 3 in 1,  12 ml"},"content":{"rendered":"<p>\u012apa\u0161i izstr\u0101d\u0101ts ar miner\u0101lu un prebiotiku kompleksu, samazina grumbu veido\u0161anos, mitrina \u0101du, labi p\u0101rkl\u0101j, izl\u012bdzina un kori\u0123\u0113 \u0101das toni. Viegli uzkl\u0101jams ar speci\u0101lu aplikatoru. Piem\u0113rots sausai un jut\u012bgai \u0101dai. Nav test\u0113ts uz dz\u012bvniekiem. Nesatur dz\u012bvnieku izcelsmes sast\u0101vda\u013cas.<\/p>\n","protected":false},"excerpt":{"rendered":"<p>\u012apa\u0161i izstr\u0101d\u0101ts ar miner\u0101lu un prebiotiku kompleksu, samazina grumbu veido\u0161anos, mitrina \u0101du, labi p\u0101rkl\u0101j, izl\u012bdzina un kori\u0123\u0113 \u0101das toni. Viegli uzkl\u0101jams ar speci\u0101lu aplikatoru. Piem\u0113rots sausai un jut\u012bgai \u0101dai. Nav test\u0113ts uz dz\u012bvniekiem. Nesatur dz\u012bvnieku izcelsmes sast\u0101vda\u013cas.<\/p>\n","protected":false},"featured_media":95234,"template":"","meta":[],"product_cat":[1488],"product_tag":[],"class_list":{"0":"post-75416","1":"product","2":"type-product","3":"status-publish","4":"has-post-thumbnail","6":"product_brand-top-face-tr","7":"product_cat-korektori","9":"first","10":"instock","11":"taxable","12":"shipping-taxable","13":"product-type-simple"},"_links":{"self":[{"href":"https:\/\/e.kosmolat.eu\/lv\/wp-json\/wp\/v2\/product\/75416","targetHints":{"allow":["GET"]}}],"collection":[{"href":"https:\/\/e.kosmolat.eu\/lv\/wp-json\/wp\/v2\/product"}],"about":[{"href":"https:\/\/e.kosmolat.eu\/lv\/wp-json\/wp\/v2\/types\/product"}],"wp:featuredmedia":[{"embeddable":true,"href":"https:\/\/e.kosmolat.eu\/lv\/wp-json\/wp\/v2\/media\/95234"}],"wp:attachment":[{"href":"https:\/\/e.kosmolat.eu\/lv\/wp-json\/wp\/v2\/media?parent=75416"}],"wp:term":[{"taxonomy":"product_cat","embeddable":true,"href":"https:\/\/e.kosmolat.eu\/lv\/wp-json\/wp\/v2\/product_cat?post=75416"},{"taxonomy":"product_tag","embeddable":true,"href":"https:\/\/e.kosmolat.eu\/lv\/wp-json\/wp\/v2\/product_tag?post=75416"}],"curies":[{"name":"wp","href":"https:\/\/api.w.org\/{rel}","templated":true}]}}