{"id":75392,"date":"2025-07-17T04:01:50","date_gmt":"2025-07-17T04:01:50","guid":{"rendered":"https:\/\/e.kosmolat.eu\/product\/topface-instyle-gela-acu-laineris-001-3-5-g\/"},"modified":"2026-04-11T19:30:53","modified_gmt":"2026-04-11T19:30:53","slug":"topface-instyle-gela-acu-laineris-001-3-5-g","status":"publish","type":"product","link":"https:\/\/e.kosmolat.eu\/lv\/product\/topface-instyle-gela-acu-laineris-001-3-5-g\/","title":{"rendered":"Topface Instyle G\u0113la acu laineris 001, 3.5 g"},"content":{"rendered":"<p>Pateicoties \u016bdensnotur\u012bgajai formulai, neatst\u0101j nospiedumus un nesaiet kunku\u013cos. Satur miner\u0101le\u013c\u013cu, kas stiprina skropstas. \u012apa\u0161a birst\u012bte nodro\u0161ina \u0113rtu uzkl\u0101\u0161anu.<\/p>\n<p>Aplikators atrodas kast\u012bt\u0113.<\/p>\n","protected":false},"excerpt":{"rendered":"<p>Pateicoties \u016bdensnotur\u012bgajai formulai, neatst\u0101j nospiedumus un nesaiet kunku\u013cos. Satur miner\u0101le\u013c\u013cu, kas stiprina skropstas. \u012apa\u0161a birst\u012bte nodro\u0161ina \u0113rtu uzkl\u0101\u0161anu. Aplikators atrodas kast\u012bt\u0113.<\/p>\n","protected":false},"featured_media":95222,"template":"","meta":[],"product_cat":[1262],"product_tag":[],"class_list":{"0":"post-75392","1":"product","2":"type-product","3":"status-publish","4":"has-post-thumbnail","6":"product_brand-top-face-tr","7":"product_cat-zimuli-laineri","9":"first","10":"outofstock","11":"taxable","12":"shipping-taxable","13":"product-type-simple"},"_links":{"self":[{"href":"https:\/\/e.kosmolat.eu\/lv\/wp-json\/wp\/v2\/product\/75392","targetHints":{"allow":["GET"]}}],"collection":[{"href":"https:\/\/e.kosmolat.eu\/lv\/wp-json\/wp\/v2\/product"}],"about":[{"href":"https:\/\/e.kosmolat.eu\/lv\/wp-json\/wp\/v2\/types\/product"}],"wp:featuredmedia":[{"embeddable":true,"href":"https:\/\/e.kosmolat.eu\/lv\/wp-json\/wp\/v2\/media\/95222"}],"wp:attachment":[{"href":"https:\/\/e.kosmolat.eu\/lv\/wp-json\/wp\/v2\/media?parent=75392"}],"wp:term":[{"taxonomy":"product_cat","embeddable":true,"href":"https:\/\/e.kosmolat.eu\/lv\/wp-json\/wp\/v2\/product_cat?post=75392"},{"taxonomy":"product_tag","embeddable":true,"href":"https:\/\/e.kosmolat.eu\/lv\/wp-json\/wp\/v2\/product_tag?post=75392"}],"curies":[{"name":"wp","href":"https:\/\/api.w.org\/{rel}","templated":true}]}}