{"id":75368,"date":"2025-07-17T04:01:02","date_gmt":"2025-07-17T04:01:02","guid":{"rendered":"https:\/\/e.kosmolat.eu\/product\/topface-instyle-uzacu-zeleja-004-3-5-g\/"},"modified":"2026-04-16T06:46:26","modified_gmt":"2026-04-16T06:46:26","slug":"topface-instyle-uzacu-zeleja-004-3-5-g","status":"publish","type":"product","link":"https:\/\/e.kosmolat.eu\/lv\/product\/topface-instyle-uzacu-zeleja-004-3-5-g\/","title":{"rendered":"Topface Instyle Uzacu \u017eeleja 004, 3.5 g"},"content":{"rendered":"<p>\u016adensnotur\u012bg\u0101 formula padara uzacis izteiksm\u012bg\u0101kas. Aizpildiet tuk\u0161umus starp uzac\u012bm un pie\u0161\u0137iriet t\u0101m formu. Tas pie\u0161\u0137irs uzac\u012bm izteiksm\u012bbu. Kr\u0113mveida tekst\u016bra un \u0113rtais aplikators nodro\u0161ina vieglu uzkl\u0101\u0161anu. \u013baujiet sev izbaud\u012bt stil\u012bgas uzacis ar pies\u0101tin\u0101tu toni.<\/p>\n<p>Aplikators atrodas kast\u012bt\u0113.<\/p>\n","protected":false},"excerpt":{"rendered":"<p>\u016adensnotur\u012bg\u0101 formula padara uzacis izteiksm\u012bg\u0101kas. Aizpildiet tuk\u0161umus starp uzac\u012bm un pie\u0161\u0137iriet t\u0101m formu. Tas pie\u0161\u0137irs uzac\u012bm izteiksm\u012bbu. Kr\u0113mveida tekst\u016bra un \u0113rtais aplikators nodro\u0161ina vieglu uzkl\u0101\u0161anu. \u013baujiet sev izbaud\u012bt stil\u012bgas uzacis ar pies\u0101tin\u0101tu toni. Aplikators atrodas kast\u012bt\u0113.<\/p>\n","protected":false},"featured_media":95210,"template":"","meta":[],"product_cat":[2182],"product_tag":[],"class_list":{"0":"post-75368","1":"product","2":"type-product","3":"status-publish","4":"has-post-thumbnail","6":"product_brand-top-face-tr","7":"product_cat-bez-kategorijas-ru","9":"first","10":"instock","11":"taxable","12":"shipping-taxable","13":"product-type-simple"},"_links":{"self":[{"href":"https:\/\/e.kosmolat.eu\/lv\/wp-json\/wp\/v2\/product\/75368","targetHints":{"allow":["GET"]}}],"collection":[{"href":"https:\/\/e.kosmolat.eu\/lv\/wp-json\/wp\/v2\/product"}],"about":[{"href":"https:\/\/e.kosmolat.eu\/lv\/wp-json\/wp\/v2\/types\/product"}],"wp:featuredmedia":[{"embeddable":true,"href":"https:\/\/e.kosmolat.eu\/lv\/wp-json\/wp\/v2\/media\/95210"}],"wp:attachment":[{"href":"https:\/\/e.kosmolat.eu\/lv\/wp-json\/wp\/v2\/media?parent=75368"}],"wp:term":[{"taxonomy":"product_cat","embeddable":true,"href":"https:\/\/e.kosmolat.eu\/lv\/wp-json\/wp\/v2\/product_cat?post=75368"},{"taxonomy":"product_tag","embeddable":true,"href":"https:\/\/e.kosmolat.eu\/lv\/wp-json\/wp\/v2\/product_tag?post=75368"}],"curies":[{"name":"wp","href":"https:\/\/api.w.org\/{rel}","templated":true}]}}