{"id":75352,"date":"2025-07-17T04:00:31","date_gmt":"2025-07-17T04:00:31","guid":{"rendered":"https:\/\/e.kosmolat.eu\/product\/topface-sens-smooth-protect-001-mineralu-grima-baze-30-ml\/"},"modified":"2026-04-11T19:38:12","modified_gmt":"2026-04-11T19:38:12","slug":"topface-sens-smooth-protect-001-mineralu-grima-baze-30-ml","status":"publish","type":"product","link":"https:\/\/e.kosmolat.eu\/lv\/product\/topface-sens-smooth-protect-001-mineralu-grima-baze-30-ml\/","title":{"rendered":"Topface Sens. Smooth Protect 001 Miner\u0101lu grima b\u0101ze, 30 ml"},"content":{"rendered":"<p>Formula ar vitam\u012bnu, miner\u0101lvielu kompleksu un prebiotik\u0101m viegli uzkl\u0101jas, izl\u012bdzina \u0101das toni un pal\u012bdz nov\u0113rst aps\u0101rtumu. Samazina s\u012bko krunci\u0146u veido\u0161anos. <\/p>\n<p>Lieto\u0161ana: vienm\u0113r\u012bgi uzkl\u0101jiet l\u012bdzekli uz \u0101das, izvairoties no acu zonas.<\/p>\n<p>Piem\u0113rota sausai un jut\u012bgai \u0101dai. Nesatur dz\u012bvnieku izcelsmes sast\u0101vda\u013cas. Nav test\u0113ta uz dz\u012bvniekiem. Pirms lieto\u0161anas k\u0101rt\u012bgi sakrat\u012bt.<\/p>\n","protected":false},"excerpt":{"rendered":"<p>Formula ar vitam\u012bnu, miner\u0101lvielu kompleksu un prebiotik\u0101m viegli uzkl\u0101jas, izl\u012bdzina \u0101das toni un pal\u012bdz nov\u0113rst aps\u0101rtumu. Samazina s\u012bko krunci\u0146u veido\u0161anos. Lieto\u0161ana: vienm\u0113r\u012bgi uzkl\u0101jiet l\u012bdzekli uz \u0101das, izvairoties no acu zonas. Piem\u0113rota sausai un jut\u012bgai \u0101dai. Nesatur dz\u012bvnieku izcelsmes sast\u0101vda\u013cas. Nav test\u0113ta uz dz\u012bvniekiem. Pirms lieto\u0161anas k\u0101rt\u012bgi sakrat\u012bt.<\/p>\n","protected":false},"featured_media":0,"template":"","meta":[],"product_cat":[1291],"product_tag":[],"class_list":{"0":"post-75352","1":"product","2":"type-product","3":"status-publish","5":"product_brand-top-face-tr","6":"product_cat-makiazo-pagrindas","8":"first","9":"outofstock","10":"taxable","11":"shipping-taxable","12":"product-type-simple"},"_links":{"self":[{"href":"https:\/\/e.kosmolat.eu\/lv\/wp-json\/wp\/v2\/product\/75352","targetHints":{"allow":["GET"]}}],"collection":[{"href":"https:\/\/e.kosmolat.eu\/lv\/wp-json\/wp\/v2\/product"}],"about":[{"href":"https:\/\/e.kosmolat.eu\/lv\/wp-json\/wp\/v2\/types\/product"}],"wp:attachment":[{"href":"https:\/\/e.kosmolat.eu\/lv\/wp-json\/wp\/v2\/media?parent=75352"}],"wp:term":[{"taxonomy":"product_cat","embeddable":true,"href":"https:\/\/e.kosmolat.eu\/lv\/wp-json\/wp\/v2\/product_cat?post=75352"},{"taxonomy":"product_tag","embeddable":true,"href":"https:\/\/e.kosmolat.eu\/lv\/wp-json\/wp\/v2\/product_tag?post=75352"}],"curies":[{"name":"wp","href":"https:\/\/api.w.org\/{rel}","templated":true}]}}