{"id":75348,"date":"2025-07-16T10:36:38","date_gmt":"2025-07-16T10:36:38","guid":{"rendered":"https:\/\/e.kosmolat.eu\/product\/pl-maigs-sejas-skrubis-saus-un-jut-adai-50-ml\/"},"modified":"2026-04-23T13:07:44","modified_gmt":"2026-04-23T13:07:44","slug":"pl-maigs-sejas-skrubis-saus-un-jut-adai-50-ml","status":"publish","type":"product","link":"https:\/\/e.kosmolat.eu\/lv\/product\/pl-maigs-sejas-skrubis-saus-un-jut-adai-50-ml\/","title":{"rendered":"PL Maigs sejas skrubis saus. un jut. \u0101dai, 50 ml"},"content":{"rendered":"<p>Satur Nature Plus esenci no 5 ekstraktiem un e\u013c\u013c\u0101m (verbenas un peonijas ekstrakti, mande\u013cu e\u013c\u013ca, lins\u0113klu e\u013c\u013ca un ol\u012bve\u013c\u013ca). Akt\u012bv\u0101s dab\u012bg\u0101s sast\u0101vda\u013cas kopj, m\u012bkstina un toniz\u0113 \u0101du. Saudz\u012bga att\u012br\u012b\u0161ana: dz\u0113rve\u0146u kauli\u0146i maigi no\u0146em atmiru\u0161\u0101s \u0101das \u0161\u016bnas, netraum\u0113jot jut\u012bgo \u0101du. Svaigs \u0101das tonis: ave\u0146u sula nomierina \u0101du un pal\u012bdz izl\u012bdzin\u0101t t\u0101s toni. <\/p>\n<p>Lieto\u0161ana: nelielu daudzumu skrubja uzkl\u0101t uz samitrin\u0101tas sejas un kakla \u0101das, izvairoties no \u0101das ap ac\u012bm. Viegli iemas\u0113t \u0101d\u0101 1\u20132 min\u016btes. Noskalot ar siltu \u016bdeni. Ieteicams lietot 1\u20132 reizes ned\u0113\u013c\u0101. Nelietot p\u0101rtik\u0101. <\/p>\n<p>Uzglab\u0101\u0161anas temperat\u016bra: 0 \u00b0C &#8211; +25 \u00b0C.<\/p>\n","protected":false},"excerpt":{"rendered":"<p>Satur Nature Plus esenci no 5 ekstraktiem un e\u013c\u013c\u0101m (verbenas un peonijas ekstrakti, mande\u013cu e\u013c\u013ca, lins\u0113klu e\u013c\u013ca un ol\u012bve\u013c\u013ca). Akt\u012bv\u0101s dab\u012bg\u0101s sast\u0101vda\u013cas kopj, m\u012bkstina un toniz\u0113 \u0101du. Saudz\u012bga att\u012br\u012b\u0161ana: dz\u0113rve\u0146u kauli\u0146i maigi no\u0146em atmiru\u0161\u0101s \u0101das \u0161\u016bnas, netraum\u0113jot jut\u012bgo \u0101du. Svaigs \u0101das tonis: ave\u0146u sula nomierina \u0101du un pal\u012bdz izl\u012bdzin\u0101t t\u0101s toni. Lieto\u0161ana: nelielu daudzumu skrubja [&#8230;]\n","protected":false},"featured_media":78059,"template":"","meta":[],"product_cat":[1397],"product_tag":[],"class_list":{"0":"post-75348","1":"product","2":"type-product","3":"status-publish","4":"has-post-thumbnail","6":"product_brand-private-label","7":"product_cat-1397","9":"first","10":"instock","11":"taxable","12":"shipping-taxable","13":"product-type-simple"},"_links":{"self":[{"href":"https:\/\/e.kosmolat.eu\/lv\/wp-json\/wp\/v2\/product\/75348","targetHints":{"allow":["GET"]}}],"collection":[{"href":"https:\/\/e.kosmolat.eu\/lv\/wp-json\/wp\/v2\/product"}],"about":[{"href":"https:\/\/e.kosmolat.eu\/lv\/wp-json\/wp\/v2\/types\/product"}],"wp:featuredmedia":[{"embeddable":true,"href":"https:\/\/e.kosmolat.eu\/lv\/wp-json\/wp\/v2\/media\/78059"}],"wp:attachment":[{"href":"https:\/\/e.kosmolat.eu\/lv\/wp-json\/wp\/v2\/media?parent=75348"}],"wp:term":[{"taxonomy":"product_cat","embeddable":true,"href":"https:\/\/e.kosmolat.eu\/lv\/wp-json\/wp\/v2\/product_cat?post=75348"},{"taxonomy":"product_tag","embeddable":true,"href":"https:\/\/e.kosmolat.eu\/lv\/wp-json\/wp\/v2\/product_tag?post=75348"}],"curies":[{"name":"wp","href":"https:\/\/api.w.org\/{rel}","templated":true}]}}