{"id":75339,"date":"2025-07-16T10:20:37","date_gmt":"2025-07-16T10:20:37","guid":{"rendered":"https:\/\/e.kosmolat.eu\/product\/pl-rita-krems-sejai-un-kaklam-3in1-50-ml\/"},"modified":"2026-04-01T12:45:15","modified_gmt":"2026-04-01T12:45:15","slug":"pl-rita-krems-sejai-un-kaklam-3in1-50-ml","status":"publish","type":"product","link":"https:\/\/e.kosmolat.eu\/lv\/product\/pl-rita-krems-sejai-un-kaklam-3in1-50-ml\/","title":{"rendered":"PL R\u012bta kr\u0113ms sejai un kaklam 3in1, 50 ml"},"content":{"rendered":"<p>Kr\u0113ms visiem \u0101das tipiem satur Nature Plus 5 ekstraktu un e\u013c\u013cu esenci (verbenas un peonijas ekstrakti, mande\u013cu, lins\u0113klu un ol\u012bvu e\u013c\u013cas). Nodro\u0161ina liftinga efektu, mitrin\u0101\u0161anu, svaigumu, k\u0101 ar\u012b pilnv\u0113rt\u012bgu \u0101das baro\u0161anu. <\/p>\n<p>Lieto\u0161ana: uzkl\u0101jiet kr\u0113mu uz att\u012br\u012btas sejas un kakla \u0101das. <\/p>\n<p>Uzglab\u0101\u0161anas temperat\u016bra: 0 \u00b0C &#8211; +25 \u00b0C.<\/p>\n","protected":false},"excerpt":{"rendered":"<p>Kr\u0113ms visiem \u0101das tipiem satur Nature Plus 5 ekstraktu un e\u013c\u013cu esenci (verbenas un peonijas ekstrakti, mande\u013cu, lins\u0113klu un ol\u012bvu e\u013c\u013cas). Nodro\u0161ina liftinga efektu, mitrin\u0101\u0161anu, svaigumu, k\u0101 ar\u012b pilnv\u0113rt\u012bgu \u0101das baro\u0161anu. Lieto\u0161ana: uzkl\u0101jiet kr\u0113mu uz att\u012br\u012btas sejas un kakla \u0101das. Uzglab\u0101\u0161anas temperat\u016bra: 0 \u00b0C &#8211; +25 \u00b0C.<\/p>\n","protected":false},"featured_media":78051,"template":"","meta":[],"product_cat":[1999],"product_tag":[],"class_list":{"0":"post-75339","1":"product","2":"type-product","3":"status-publish","4":"has-post-thumbnail","6":"product_brand-private-label","7":"product_cat-bez-kategorijas","9":"first","10":"instock","11":"taxable","12":"shipping-taxable","13":"product-type-simple"},"_links":{"self":[{"href":"https:\/\/e.kosmolat.eu\/lv\/wp-json\/wp\/v2\/product\/75339","targetHints":{"allow":["GET"]}}],"collection":[{"href":"https:\/\/e.kosmolat.eu\/lv\/wp-json\/wp\/v2\/product"}],"about":[{"href":"https:\/\/e.kosmolat.eu\/lv\/wp-json\/wp\/v2\/types\/product"}],"wp:featuredmedia":[{"embeddable":true,"href":"https:\/\/e.kosmolat.eu\/lv\/wp-json\/wp\/v2\/media\/78051"}],"wp:attachment":[{"href":"https:\/\/e.kosmolat.eu\/lv\/wp-json\/wp\/v2\/media?parent=75339"}],"wp:term":[{"taxonomy":"product_cat","embeddable":true,"href":"https:\/\/e.kosmolat.eu\/lv\/wp-json\/wp\/v2\/product_cat?post=75339"},{"taxonomy":"product_tag","embeddable":true,"href":"https:\/\/e.kosmolat.eu\/lv\/wp-json\/wp\/v2\/product_tag?post=75339"}],"curies":[{"name":"wp","href":"https:\/\/api.w.org\/{rel}","templated":true}]}}