{"id":75335,"date":"2025-07-16T10:06:52","date_gmt":"2025-07-16T10:06:52","guid":{"rendered":"https:\/\/e.kosmolat.eu\/product\/pl-aktivas-iedarb-krems-pret-pinnem-ideala-ada-40-ml\/"},"modified":"2026-05-08T23:01:12","modified_gmt":"2026-05-08T23:01:12","slug":"pl-aktivas-iedarb-krems-pret-pinnem-ideala-ada-40-ml","status":"publish","type":"product","link":"https:\/\/e.kosmolat.eu\/lv\/product\/pl-aktivas-iedarb-krems-pret-pinnem-ideala-ada-40-ml\/","title":{"rendered":"PL Akt\u012bvas iedarb. kr\u0113ms pret pinn\u0113m Ide\u0101la \u0101da, 40 ml"},"content":{"rendered":"<p>Risin\u0101jums problem\u0101tiskai \u0101dai bez sausuma saj\u016btas. \u012apa\u0161i efekt\u012bva formula: Cinks regul\u0113 sebuma izdal\u012b\u0161anos. T\u0113jas koka e\u013c\u013ca att\u012bra \u0101du un pal\u012bdz nov\u0113rst jaunu izsitumu veido\u0161anos. Alveja nomierina un mat\u0113 \u0101du. <\/p>\n<p>Lieto\u0161ana: Uzkl\u0101t uz att\u012br\u012btas sejas \u0101das no r\u012bta un vakar\u0101. Nav \u0101rstniecisks l\u012bdzeklis.<\/p>\n<p>Uzglab\u0101\u0161anas temperat\u016bra: 0 \u00b0C &#8211; +25 \u00b0C.<\/p>\n","protected":false},"excerpt":{"rendered":"<p>Risin\u0101jums problem\u0101tiskai \u0101dai bez sausuma saj\u016btas. \u012apa\u0161i efekt\u012bva formula: Cinks regul\u0113 sebuma izdal\u012b\u0161anos. T\u0113jas koka e\u013c\u013ca att\u012bra \u0101du un pal\u012bdz nov\u0113rst jaunu izsitumu veido\u0161anos. Alveja nomierina un mat\u0113 \u0101du. Lieto\u0161ana: Uzkl\u0101t uz att\u012br\u012btas sejas \u0101das no r\u012bta un vakar\u0101. Nav \u0101rstniecisks l\u012bdzeklis. Uzglab\u0101\u0161anas temperat\u016bra: 0 \u00b0C &#8211; +25 \u00b0C.<\/p>\n","protected":false},"featured_media":78047,"template":"","meta":[],"product_cat":[1323],"product_tag":[],"class_list":{"0":"post-75335","1":"product","2":"type-product","3":"status-publish","4":"has-post-thumbnail","6":"product_brand-private-label","7":"product_cat-1323","9":"first","10":"instock","11":"taxable","12":"shipping-taxable","13":"product-type-simple"},"_links":{"self":[{"href":"https:\/\/e.kosmolat.eu\/lv\/wp-json\/wp\/v2\/product\/75335","targetHints":{"allow":["GET"]}}],"collection":[{"href":"https:\/\/e.kosmolat.eu\/lv\/wp-json\/wp\/v2\/product"}],"about":[{"href":"https:\/\/e.kosmolat.eu\/lv\/wp-json\/wp\/v2\/types\/product"}],"wp:featuredmedia":[{"embeddable":true,"href":"https:\/\/e.kosmolat.eu\/lv\/wp-json\/wp\/v2\/media\/78047"}],"wp:attachment":[{"href":"https:\/\/e.kosmolat.eu\/lv\/wp-json\/wp\/v2\/media?parent=75335"}],"wp:term":[{"taxonomy":"product_cat","embeddable":true,"href":"https:\/\/e.kosmolat.eu\/lv\/wp-json\/wp\/v2\/product_cat?post=75335"},{"taxonomy":"product_tag","embeddable":true,"href":"https:\/\/e.kosmolat.eu\/lv\/wp-json\/wp\/v2\/product_tag?post=75335"}],"curies":[{"name":"wp","href":"https:\/\/api.w.org\/{rel}","templated":true}]}}