{"id":75327,"date":"2025-07-16T09:50:37","date_gmt":"2025-07-16T09:50:37","guid":{"rendered":"https:\/\/e.kosmolat.eu\/product\/pl-mitrinoss-dienas-sejas-krems-komb-adai-40-ml\/"},"modified":"2026-05-08T23:00:42","modified_gmt":"2026-05-08T23:00:42","slug":"pl-mitrinoss-dienas-sejas-krems-komb-adai-40-ml","status":"publish","type":"product","link":"https:\/\/e.kosmolat.eu\/lv\/product\/pl-mitrinoss-dienas-sejas-krems-komb-adai-40-ml\/","title":{"rendered":"PL Mitrino\u0161s dienas sejas kr\u0113ms komb. \u0101dai, 40 ml"},"content":{"rendered":"<p>Kr\u0113ms satur Nature Plus 5 ekstraktu un e\u013c\u013cu esenci (verbenas un peonijas ekstrakti, mande\u013cu, lins\u0113klu un ol\u012bvu e\u013c\u013cas) + hialuronu. Akt\u012bv\u0101s dab\u012bg\u0101s sast\u0101vda\u013cas baro un atjauno lip\u012bdu aizsargsl\u0101ni, kav\u0113jot s\u012bko grumbi\u0146u veido\u0161anos. Alveja mitrina un toniz\u0113 \u0101du, stimul\u0113 \u0161\u016bnu atjauno\u0161anos un sniedz atjaunino\u0161u iedarb\u012bbu.<\/p>\n<p>Lieto\u0161ana: no r\u012bta uzkl\u0101jiet kr\u0113mu uz att\u012br\u012btas sejas un kakla \u0101das. Nelietot p\u0101rtik\u0101. <\/p>\n<p>Uzglab\u0101\u0161anas temperat\u016bra: 0 \u00b0C &#8211; +25 \u00b0C.<\/p>\n","protected":false},"excerpt":{"rendered":"<p>Kr\u0113ms satur Nature Plus 5 ekstraktu un e\u013c\u013cu esenci (verbenas un peonijas ekstrakti, mande\u013cu, lins\u0113klu un ol\u012bvu e\u013c\u013cas) + hialuronu. Akt\u012bv\u0101s dab\u012bg\u0101s sast\u0101vda\u013cas baro un atjauno lip\u012bdu aizsargsl\u0101ni, kav\u0113jot s\u012bko grumbi\u0146u veido\u0161anos. Alveja mitrina un toniz\u0113 \u0101du, stimul\u0113 \u0161\u016bnu atjauno\u0161anos un sniedz atjaunino\u0161u iedarb\u012bbu. Lieto\u0161ana: no r\u012bta uzkl\u0101jiet kr\u0113mu uz att\u012br\u012btas sejas un kakla \u0101das. [&#8230;]\n","protected":false},"featured_media":78039,"template":"","meta":[],"product_cat":[1320],"product_tag":[],"class_list":{"0":"post-75327","1":"product","2":"type-product","3":"status-publish","4":"has-post-thumbnail","6":"product_brand-private-label","7":"product_cat-sejas-kremi","9":"first","10":"instock","11":"taxable","12":"shipping-taxable","13":"product-type-simple"},"_links":{"self":[{"href":"https:\/\/e.kosmolat.eu\/lv\/wp-json\/wp\/v2\/product\/75327","targetHints":{"allow":["GET"]}}],"collection":[{"href":"https:\/\/e.kosmolat.eu\/lv\/wp-json\/wp\/v2\/product"}],"about":[{"href":"https:\/\/e.kosmolat.eu\/lv\/wp-json\/wp\/v2\/types\/product"}],"wp:featuredmedia":[{"embeddable":true,"href":"https:\/\/e.kosmolat.eu\/lv\/wp-json\/wp\/v2\/media\/78039"}],"wp:attachment":[{"href":"https:\/\/e.kosmolat.eu\/lv\/wp-json\/wp\/v2\/media?parent=75327"}],"wp:term":[{"taxonomy":"product_cat","embeddable":true,"href":"https:\/\/e.kosmolat.eu\/lv\/wp-json\/wp\/v2\/product_cat?post=75327"},{"taxonomy":"product_tag","embeddable":true,"href":"https:\/\/e.kosmolat.eu\/lv\/wp-json\/wp\/v2\/product_tag?post=75327"}],"curies":[{"name":"wp","href":"https:\/\/api.w.org\/{rel}","templated":true}]}}