{"id":75319,"date":"2025-07-16T09:20:36","date_gmt":"2025-07-16T09:20:36","guid":{"rendered":"https:\/\/e.kosmolat.eu\/product\/pl-barojoss-nakts-sejas-krems-sausai-adai-40-ml\/"},"modified":"2026-03-30T08:08:45","modified_gmt":"2026-03-30T08:08:45","slug":"pl-barojoss-nakts-sejas-krems-sausai-adai-40-ml","status":"publish","type":"product","link":"https:\/\/e.kosmolat.eu\/lv\/product\/pl-barojoss-nakts-sejas-krems-sausai-adai-40-ml\/","title":{"rendered":"PL Barojo\u0161s nakts sejas kr\u0113ms sausai \u0101dai, 40 ml"},"content":{"rendered":"<p>Kr\u0113ms satur Nature Plus 5 ekstraktu un e\u013c\u013cu esenci (verbenas un peonijas ekstrakti, mande\u013cu e\u013c\u013ca, lins\u0113klu e\u013c\u013ca un ol\u012bve\u013c\u013ca) + hialuronu. Akt\u012bv\u0101s dab\u012bg\u0101s sast\u0101vda\u013cas pie\u0161\u0137ir \u0101dai tvirtumu, intens\u012bvi mitrina un pal\u012bdz aizkav\u0113t s\u012bko grumbi\u0146u veido\u0161anos. Kvie\u0161u d\u012bg\u013cu e\u013c\u013ca, kas ir dab\u012bgs E vitam\u012bna avots, baro un m\u012bkstina \u0101du. <\/p>\n<p>Lieto\u0161ana: vakar\u0101 uzkl\u0101jiet kr\u0113mu uz att\u012br\u012btas sejas un kakla \u0101das. Nelietot p\u0101rtik\u0101. <\/p>\n<p>Uzglab\u0101\u0161anas temperat\u016bra: 0 \u00b0C &#8211; +25 \u00b0C.<\/p>\n","protected":false},"excerpt":{"rendered":"<p>Kr\u0113ms satur Nature Plus 5 ekstraktu un e\u013c\u013cu esenci (verbenas un peonijas ekstrakti, mande\u013cu e\u013c\u013ca, lins\u0113klu e\u013c\u013ca un ol\u012bve\u013c\u013ca) + hialuronu. Akt\u012bv\u0101s dab\u012bg\u0101s sast\u0101vda\u013cas pie\u0161\u0137ir \u0101dai tvirtumu, intens\u012bvi mitrina un pal\u012bdz aizkav\u0113t s\u012bko grumbi\u0146u veido\u0161anos. Kvie\u0161u d\u012bg\u013cu e\u013c\u013ca, kas ir dab\u012bgs E vitam\u012bna avots, baro un m\u012bkstina \u0101du. Lieto\u0161ana: vakar\u0101 uzkl\u0101jiet kr\u0113mu uz att\u012br\u012btas sejas [&#8230;]\n","protected":false},"featured_media":78031,"template":"","meta":[],"product_cat":[1999],"product_tag":[],"class_list":{"0":"post-75319","1":"product","2":"type-product","3":"status-publish","4":"has-post-thumbnail","6":"product_brand-private-label","7":"product_cat-bez-kategorijas","9":"first","10":"instock","11":"taxable","12":"shipping-taxable","13":"product-type-simple"},"_links":{"self":[{"href":"https:\/\/e.kosmolat.eu\/lv\/wp-json\/wp\/v2\/product\/75319","targetHints":{"allow":["GET"]}}],"collection":[{"href":"https:\/\/e.kosmolat.eu\/lv\/wp-json\/wp\/v2\/product"}],"about":[{"href":"https:\/\/e.kosmolat.eu\/lv\/wp-json\/wp\/v2\/types\/product"}],"wp:featuredmedia":[{"embeddable":true,"href":"https:\/\/e.kosmolat.eu\/lv\/wp-json\/wp\/v2\/media\/78031"}],"wp:attachment":[{"href":"https:\/\/e.kosmolat.eu\/lv\/wp-json\/wp\/v2\/media?parent=75319"}],"wp:term":[{"taxonomy":"product_cat","embeddable":true,"href":"https:\/\/e.kosmolat.eu\/lv\/wp-json\/wp\/v2\/product_cat?post=75319"},{"taxonomy":"product_tag","embeddable":true,"href":"https:\/\/e.kosmolat.eu\/lv\/wp-json\/wp\/v2\/product_tag?post=75319"}],"curies":[{"name":"wp","href":"https:\/\/api.w.org\/{rel}","templated":true}]}}