{"id":75306,"date":"2025-07-16T04:05:50","date_gmt":"2025-07-16T04:05:50","guid":{"rendered":"https:\/\/e.kosmolat.eu\/product\/topface-vitamin-balm-12-in-1-grima-baze-spf50-30-ml\/"},"modified":"2025-09-20T08:01:59","modified_gmt":"2025-09-20T08:01:59","slug":"topface-vitamin-balm-12-in-1-grima-baze-spf50-30-ml","status":"publish","type":"product","link":"https:\/\/e.kosmolat.eu\/lv\/product\/topface-vitamin-balm-12-in-1-grima-baze-spf50-30-ml\/","title":{"rendered":"Topface Vitamin Balm 12 in 1 Grima b\u0101ze SPF50, 30 ml"},"content":{"rendered":"<p>\u2022 Dabisks mirdzums<br \/>\n\u2022 Mitrin\u0101\u0161ana<br \/>\n\u2022 Poru samazin\u0101\u0161ana<br \/>\n\u2022 Remineraliz\u0101cija<br \/>\n\u2022 Aizsardz\u012bba pret zilo gaismu<br \/>\n\u2022 UV aizsardz\u012bba<br \/>\n\u2022 Antioksidants<br \/>\n\u2022 Multivitam\u012bnu komplekss<br \/>\n\u2022 Nogludin\u0101\u0161ana<br \/>\n\u2022 Atsvaidzino\u0161a iedarb\u012bba<br \/>\n\u2022 Atjauno\u0161ana<br \/>\n\u2022 Detoksik\u0101cija<\/p>\n<p>Grima b\u0101ze ar 12 akt\u012bvaj\u0101m \u012bpa\u0161\u012bb\u0101m sagatavo \u0101du grima uzkl\u0101\u0161anai: mitrina, m\u012bkstina un padara to glud\u0101ku. Nodro\u0161ina augsta l\u012bme\u0146a aizsardz\u012bbu \u2013 SPF 50. Var izmantot k\u0101 grima b\u0101zi, lai pagarin\u0101tu grima notur\u012bbu, vai atsevi\u0161\u0137i, lai pasarg\u0101tu \u0101du no UV stariem un kait\u012bgiem vides faktoriem. Efekt\u012bv\u0101 formula izl\u012bdzina \u0101das toni, samazina poru un s\u012bk\u0101s grumbi\u0146as redzam\u012bbu, pie\u0161\u0137ir z\u012bdainu un koptu izskatu. Bag\u0101tin\u0101ta ar vitam\u012bniem, kas sniedz papildu kop\u0161anu.<\/p>\n<p>Satur A vitam\u012bnu. L\u016bgums pirms lieto\u0161anas p\u0101rdom\u0101t savu dienas devu.<\/p>\n","protected":false},"excerpt":{"rendered":"<p>\u2022 Dabisks mirdzums \u2022 Mitrin\u0101\u0161ana \u2022 Poru samazin\u0101\u0161ana \u2022 Remineraliz\u0101cija \u2022 Aizsardz\u012bba pret zilo gaismu \u2022 UV aizsardz\u012bba \u2022 Antioksidants \u2022 Multivitam\u012bnu komplekss \u2022 Nogludin\u0101\u0161ana \u2022 Atsvaidzino\u0161a iedarb\u012bba \u2022 Atjauno\u0161ana \u2022 Detoksik\u0101cija Grima b\u0101ze ar 12 akt\u012bvaj\u0101m \u012bpa\u0161\u012bb\u0101m sagatavo \u0101du grima uzkl\u0101\u0161anai: mitrina, m\u012bkstina un padara to glud\u0101ku. Nodro\u0161ina augsta l\u012bme\u0146a aizsardz\u012bbu \u2013 SPF 50. [&#8230;]\n","protected":false},"featured_media":95426,"template":"","meta":[],"product_cat":[1289],"product_tag":[],"class_list":{"0":"post-75306","1":"product","2":"type-product","3":"status-publish","4":"has-post-thumbnail","6":"product_brand-top-face-tr","7":"product_cat-grima-pamats","9":"first","10":"outofstock","11":"taxable","12":"shipping-taxable","13":"product-type-simple"},"_links":{"self":[{"href":"https:\/\/e.kosmolat.eu\/lv\/wp-json\/wp\/v2\/product\/75306","targetHints":{"allow":["GET"]}}],"collection":[{"href":"https:\/\/e.kosmolat.eu\/lv\/wp-json\/wp\/v2\/product"}],"about":[{"href":"https:\/\/e.kosmolat.eu\/lv\/wp-json\/wp\/v2\/types\/product"}],"wp:featuredmedia":[{"embeddable":true,"href":"https:\/\/e.kosmolat.eu\/lv\/wp-json\/wp\/v2\/media\/95426"}],"wp:attachment":[{"href":"https:\/\/e.kosmolat.eu\/lv\/wp-json\/wp\/v2\/media?parent=75306"}],"wp:term":[{"taxonomy":"product_cat","embeddable":true,"href":"https:\/\/e.kosmolat.eu\/lv\/wp-json\/wp\/v2\/product_cat?post=75306"},{"taxonomy":"product_tag","embeddable":true,"href":"https:\/\/e.kosmolat.eu\/lv\/wp-json\/wp\/v2\/product_tag?post=75306"}],"curies":[{"name":"wp","href":"https:\/\/api.w.org\/{rel}","templated":true}]}}