{"id":75274,"date":"2025-07-16T04:04:38","date_gmt":"2025-07-16T04:04:38","guid":{"rendered":"https:\/\/e.kosmolat.eu\/product\/topface-pro-palette-acu-enu-palete-005-8-g\/"},"modified":"2026-04-22T11:47:48","modified_gmt":"2026-04-22T11:47:48","slug":"topface-pro-palette-acu-enu-palete-005-8-g","status":"publish","type":"product","link":"https:\/\/e.kosmolat.eu\/lv\/product\/topface-pro-palette-acu-enu-palete-005-8-g\/","title":{"rendered":"Topface Pro Palette Acu \u0113nu palete 005, 8 g"},"content":{"rendered":"<p>J\u016bs varat k\u013c\u016bt par valdzino\u0161a skatiena \u012bpa\u0161nieci ar \u0161o acu \u0113nu burv\u012bgaj\u0101m kr\u0101s\u0101m. To \u012bpa\u0161\u0101 formula ar E vitam\u012bnu iedarbojas atjaunojo\u0161i uz plaksti\u0146u \u0101du un aizsarg\u0101 to.<\/p>\n<p>Ja main\u0101s smar\u017ea vai izskats, p\u0101rtrauciet lieto\u0161anu. Tikai \u0101r\u012bgai lieto\u0161anai. Uzglab\u0101t temperat\u016br\u0101 no 20 l\u012bdz 25\u202f\u00b0C, sarg\u0101jot no tie\u0161iem saules stariem. Uzglab\u0101t b\u0113rniem nepieejam\u0101 viet\u0101.<\/p>\n","protected":false},"excerpt":{"rendered":"<p>J\u016bs varat k\u013c\u016bt par valdzino\u0161a skatiena \u012bpa\u0161nieci ar \u0161o acu \u0113nu burv\u012bgaj\u0101m kr\u0101s\u0101m. To \u012bpa\u0161\u0101 formula ar E vitam\u012bnu iedarbojas atjaunojo\u0161i uz plaksti\u0146u \u0101du un aizsarg\u0101 to. Ja main\u0101s smar\u017ea vai izskats, p\u0101rtrauciet lieto\u0161anu. Tikai \u0101r\u012bgai lieto\u0161anai. Uzglab\u0101t temperat\u016br\u0101 no 20 l\u012bdz 25\u202f\u00b0C, sarg\u0101jot no tie\u0161iem saules stariem. Uzglab\u0101t b\u0113rniem nepieejam\u0101 viet\u0101.<\/p>\n","protected":false},"featured_media":95190,"template":"","meta":[],"product_cat":[1999],"product_tag":[],"class_list":{"0":"post-75274","1":"product","2":"type-product","3":"status-publish","4":"has-post-thumbnail","6":"product_brand-top-face-tr","7":"product_cat-bez-kategorijas","9":"first","10":"outofstock","11":"taxable","12":"shipping-taxable","13":"product-type-simple"},"_links":{"self":[{"href":"https:\/\/e.kosmolat.eu\/lv\/wp-json\/wp\/v2\/product\/75274","targetHints":{"allow":["GET"]}}],"collection":[{"href":"https:\/\/e.kosmolat.eu\/lv\/wp-json\/wp\/v2\/product"}],"about":[{"href":"https:\/\/e.kosmolat.eu\/lv\/wp-json\/wp\/v2\/types\/product"}],"wp:featuredmedia":[{"embeddable":true,"href":"https:\/\/e.kosmolat.eu\/lv\/wp-json\/wp\/v2\/media\/95190"}],"wp:attachment":[{"href":"https:\/\/e.kosmolat.eu\/lv\/wp-json\/wp\/v2\/media?parent=75274"}],"wp:term":[{"taxonomy":"product_cat","embeddable":true,"href":"https:\/\/e.kosmolat.eu\/lv\/wp-json\/wp\/v2\/product_cat?post=75274"},{"taxonomy":"product_tag","embeddable":true,"href":"https:\/\/e.kosmolat.eu\/lv\/wp-json\/wp\/v2\/product_tag?post=75274"}],"curies":[{"name":"wp","href":"https:\/\/api.w.org\/{rel}","templated":true}]}}