{"id":75258,"date":"2025-07-16T04:04:07","date_gmt":"2025-07-16T04:04:07","guid":{"rendered":"https:\/\/e.kosmolat.eu\/product\/topface-cherie-skidrais-vaigu-sartums-005-6-ml\/"},"modified":"2026-04-15T07:03:55","modified_gmt":"2026-04-15T07:03:55","slug":"topface-cherie-skidrais-vaigu-sartums-005-6-ml","status":"publish","type":"product","link":"https:\/\/e.kosmolat.eu\/lv\/product\/topface-cherie-skidrais-vaigu-sartums-005-6-ml\/","title":{"rendered":"Topface Cherie \u0160\u0137idrais vaigu s\u0101rtums 005, 6 ml"},"content":{"rendered":"<p>Pateicoties unik\u0101lajai z\u012bdainajai tekst\u016brai un notur\u012bgajiem to\u0146iem, vaigu s\u0101rtums pie\u0161\u0137ir sejai dabisku, svaigu un pievilc\u012bgu izskatu. Formula ir bag\u0101tin\u0101ta ar hialuronsk\u0101bi un E vitam\u012bnu, nodro\u0161inot kop\u0161anu un \u0113rtu uzkl\u0101\u0161anu ar speci\u0101lu aplikatoru. Maigais tonis pie\u0161\u0137ir grimam izsmalcin\u0101tu eleganci.<\/p>\n<p>Pirms lieto\u0161anas k\u0101rt\u012bgi sakratiet.<\/p>\n","protected":false},"excerpt":{"rendered":"<p>Pateicoties unik\u0101lajai z\u012bdainajai tekst\u016brai un notur\u012bgajiem to\u0146iem, vaigu s\u0101rtums pie\u0161\u0137ir sejai dabisku, svaigu un pievilc\u012bgu izskatu. Formula ir bag\u0101tin\u0101ta ar hialuronsk\u0101bi un E vitam\u012bnu, nodro\u0161inot kop\u0161anu un \u0113rtu uzkl\u0101\u0161anu ar speci\u0101lu aplikatoru. Maigais tonis pie\u0161\u0137ir grimam izsmalcin\u0101tu eleganci. Pirms lieto\u0161anas k\u0101rt\u012bgi sakratiet.<\/p>\n","protected":false},"featured_media":94994,"template":"","meta":[],"product_cat":[1496],"product_tag":[],"class_list":{"0":"post-75258","1":"product","2":"type-product","3":"status-publish","4":"has-post-thumbnail","6":"product_brand-top-face-tr","7":"product_cat-1496","9":"first","10":"instock","11":"taxable","12":"shipping-taxable","13":"product-type-simple"},"_links":{"self":[{"href":"https:\/\/e.kosmolat.eu\/lv\/wp-json\/wp\/v2\/product\/75258","targetHints":{"allow":["GET"]}}],"collection":[{"href":"https:\/\/e.kosmolat.eu\/lv\/wp-json\/wp\/v2\/product"}],"about":[{"href":"https:\/\/e.kosmolat.eu\/lv\/wp-json\/wp\/v2\/types\/product"}],"wp:featuredmedia":[{"embeddable":true,"href":"https:\/\/e.kosmolat.eu\/lv\/wp-json\/wp\/v2\/media\/94994"}],"wp:attachment":[{"href":"https:\/\/e.kosmolat.eu\/lv\/wp-json\/wp\/v2\/media?parent=75258"}],"wp:term":[{"taxonomy":"product_cat","embeddable":true,"href":"https:\/\/e.kosmolat.eu\/lv\/wp-json\/wp\/v2\/product_cat?post=75258"},{"taxonomy":"product_tag","embeddable":true,"href":"https:\/\/e.kosmolat.eu\/lv\/wp-json\/wp\/v2\/product_tag?post=75258"}],"curies":[{"name":"wp","href":"https:\/\/api.w.org\/{rel}","templated":true}]}}