{"id":75218,"date":"2025-07-16T04:02:46","date_gmt":"2025-07-16T04:02:46","guid":{"rendered":"https:\/\/e.kosmolat.eu\/product\/topface-sejas-konturesanas-ota-f05\/"},"modified":"2026-04-01T09:14:39","modified_gmt":"2026-04-01T09:14:39","slug":"topface-sejas-konturesanas-ota-f05","status":"publish","type":"product","link":"https:\/\/e.kosmolat.eu\/lv\/product\/topface-sejas-konturesanas-ota-f05\/","title":{"rendered":"Topface Sejas kontur\u0113\u0161anas ota F05"},"content":{"rendered":"<p>Pateicoties bie\u017eiem un m\u012bkstiem sari\u0146iem, oti\u0146u var izmantot ar jebkura veida kontur\u0113\u0161anas l\u012bdzek\u013ciem \u2014 p\u016bderi, \u0161\u0137idrie l\u012bdzek\u013ci vai z\u012bmu\u013ci. Uzlieciet oti\u0146as sl\u012bpo galu zem vaiga kaula un izpludiniet l\u012bdzekli. Samitriniet otu ar siltu \u016bdeni. Att\u012briet sari\u0146us ar j\u016bsu izv\u0113l\u0113to att\u012bro\u0161o l\u012bdzekli. R\u016bp\u012bgi izskalojiet. Nosusiniet lieko mitrumu ar t\u012bru pap\u012bra dvieli.<\/p>\n","protected":false},"excerpt":{"rendered":"<p>Pateicoties bie\u017eiem un m\u012bkstiem sari\u0146iem, oti\u0146u var izmantot ar jebkura veida kontur\u0113\u0161anas l\u012bdzek\u013ciem \u2014 p\u016bderi, \u0161\u0137idrie l\u012bdzek\u013ci vai z\u012bmu\u013ci. Uzlieciet oti\u0146as sl\u012bpo galu zem vaiga kaula un izpludiniet l\u012bdzekli. Samitriniet otu ar siltu \u016bdeni. Att\u012briet sari\u0146us ar j\u016bsu izv\u0113l\u0113to att\u012bro\u0161o l\u012bdzekli. R\u016bp\u012bgi izskalojiet. Nosusiniet lieko mitrumu ar t\u012bru pap\u012bra dvieli.<\/p>\n","protected":false},"featured_media":95610,"template":"","meta":[],"product_cat":[1548],"product_tag":[],"class_list":{"0":"post-75218","1":"product","2":"type-product","3":"status-publish","4":"has-post-thumbnail","6":"product_brand-top-face-tr","7":"product_cat-teptukai","9":"first","10":"instock","11":"taxable","12":"shipping-taxable","13":"product-type-simple"},"_links":{"self":[{"href":"https:\/\/e.kosmolat.eu\/lv\/wp-json\/wp\/v2\/product\/75218","targetHints":{"allow":["GET"]}}],"collection":[{"href":"https:\/\/e.kosmolat.eu\/lv\/wp-json\/wp\/v2\/product"}],"about":[{"href":"https:\/\/e.kosmolat.eu\/lv\/wp-json\/wp\/v2\/types\/product"}],"wp:featuredmedia":[{"embeddable":true,"href":"https:\/\/e.kosmolat.eu\/lv\/wp-json\/wp\/v2\/media\/95610"}],"wp:attachment":[{"href":"https:\/\/e.kosmolat.eu\/lv\/wp-json\/wp\/v2\/media?parent=75218"}],"wp:term":[{"taxonomy":"product_cat","embeddable":true,"href":"https:\/\/e.kosmolat.eu\/lv\/wp-json\/wp\/v2\/product_cat?post=75218"},{"taxonomy":"product_tag","embeddable":true,"href":"https:\/\/e.kosmolat.eu\/lv\/wp-json\/wp\/v2\/product_tag?post=75218"}],"curies":[{"name":"wp","href":"https:\/\/api.w.org\/{rel}","templated":true}]}}