{"id":75210,"date":"2025-07-16T04:02:31","date_gmt":"2025-07-16T04:02:31","guid":{"rendered":"https:\/\/e.kosmolat.eu\/product\/topface-ota-tonala-krema-uzklasanai-f03\/"},"modified":"2026-04-01T09:14:29","modified_gmt":"2026-04-01T09:14:29","slug":"topface-ota-tonala-krema-uzklasanai-f03","status":"publish","type":"product","link":"https:\/\/e.kosmolat.eu\/lv\/product\/topface-ota-tonala-krema-uzklasanai-f03\/","title":{"rendered":"Topface Ota ton\u0101l\u0101 kr\u0113ma uzkl\u0101\u0161anai F03"},"content":{"rendered":"<p>\u0160\u012b ota ir paredz\u0113ta \u0161\u0137idriem un kr\u0113mveida ton\u0101lajiem l\u012bdzek\u013ciem. Garie sari\u0146i vienm\u0113r\u012bgi izkl\u0101j produktu pa visu seju, savuk\u0101rt \u012bsie pal\u012bdz to ide\u0101li izpludin\u0101t. Samitriniet otu ar siltu \u016bdeni. Att\u012briet sari\u0146us ar j\u016bsu izv\u0113l\u0113to att\u012bro\u0161o l\u012bdzekli. R\u016bp\u012bgi izskalojiet. Nosusiniet lieko mitrumu ar t\u012bru pap\u012bra dvieli.<\/p>\n","protected":false},"excerpt":{"rendered":"<p>\u0160\u012b ota ir paredz\u0113ta \u0161\u0137idriem un kr\u0113mveida ton\u0101lajiem l\u012bdzek\u013ciem. Garie sari\u0146i vienm\u0113r\u012bgi izkl\u0101j produktu pa visu seju, savuk\u0101rt \u012bsie pal\u012bdz to ide\u0101li izpludin\u0101t. Samitriniet otu ar siltu \u016bdeni. Att\u012briet sari\u0146us ar j\u016bsu izv\u0113l\u0113to att\u012bro\u0161o l\u012bdzekli. R\u016bp\u012bgi izskalojiet. Nosusiniet lieko mitrumu ar t\u012bru pap\u012bra dvieli.<\/p>\n","protected":false},"featured_media":95606,"template":"","meta":[],"product_cat":[1546],"product_tag":[],"class_list":{"0":"post-75210","1":"product","2":"type-product","3":"status-publish","4":"has-post-thumbnail","6":"product_brand-top-face-tr","7":"product_cat-otinas","9":"first","10":"outofstock","11":"taxable","12":"shipping-taxable","13":"product-type-simple"},"_links":{"self":[{"href":"https:\/\/e.kosmolat.eu\/lv\/wp-json\/wp\/v2\/product\/75210","targetHints":{"allow":["GET"]}}],"collection":[{"href":"https:\/\/e.kosmolat.eu\/lv\/wp-json\/wp\/v2\/product"}],"about":[{"href":"https:\/\/e.kosmolat.eu\/lv\/wp-json\/wp\/v2\/types\/product"}],"wp:featuredmedia":[{"embeddable":true,"href":"https:\/\/e.kosmolat.eu\/lv\/wp-json\/wp\/v2\/media\/95606"}],"wp:attachment":[{"href":"https:\/\/e.kosmolat.eu\/lv\/wp-json\/wp\/v2\/media?parent=75210"}],"wp:term":[{"taxonomy":"product_cat","embeddable":true,"href":"https:\/\/e.kosmolat.eu\/lv\/wp-json\/wp\/v2\/product_cat?post=75210"},{"taxonomy":"product_tag","embeddable":true,"href":"https:\/\/e.kosmolat.eu\/lv\/wp-json\/wp\/v2\/product_tag?post=75210"}],"curies":[{"name":"wp","href":"https:\/\/api.w.org\/{rel}","templated":true}]}}