{"id":75202,"date":"2025-07-16T04:02:14","date_gmt":"2025-07-16T04:02:14","guid":{"rendered":"https:\/\/e.kosmolat.eu\/product\/topface-ota-pudera-uzklasanai-f01\/"},"modified":"2026-04-01T09:14:17","modified_gmt":"2026-04-01T09:14:17","slug":"topface-ota-pudera-uzklasanai-f01","status":"publish","type":"product","link":"https:\/\/e.kosmolat.eu\/lv\/product\/topface-ota-pudera-uzklasanai-f01\/","title":{"rendered":"Topface Ota p\u016bdera uzkl\u0101\u0161anai F01"},"content":{"rendered":"<p>\u0160\u012b ota ar bie\u017eiem un m\u012bkstiem sari\u0146iem, \u012bpa\u0161i izstr\u0101d\u0101ta visu veidu p\u016bderiem. Uzkl\u0101jiet p\u016bderi ar otas galu uz visas sejas ar ap\u013cveida kust\u012bb\u0101m. Samitriniet otu ar siltu \u016bdeni. Att\u012briet sari\u0146us ar j\u016bsu izv\u0113l\u0113to att\u012bro\u0161o l\u012bdzekli. R\u016bp\u012bgi izskalojiet. Nosusiniet lieko mitrumu ar t\u012bru pap\u012bra dvieli.<\/p>\n","protected":false},"excerpt":{"rendered":"<p>\u0160\u012b ota ar bie\u017eiem un m\u012bkstiem sari\u0146iem, \u012bpa\u0161i izstr\u0101d\u0101ta visu veidu p\u016bderiem. Uzkl\u0101jiet p\u016bderi ar otas galu uz visas sejas ar ap\u013cveida kust\u012bb\u0101m. Samitriniet otu ar siltu \u016bdeni. Att\u012briet sari\u0146us ar j\u016bsu izv\u0113l\u0113to att\u012bro\u0161o l\u012bdzekli. R\u016bp\u012bgi izskalojiet. Nosusiniet lieko mitrumu ar t\u012bru pap\u012bra dvieli.<\/p>\n","protected":false},"featured_media":95602,"template":"","meta":[],"product_cat":[1546],"product_tag":[],"class_list":{"0":"post-75202","1":"product","2":"type-product","3":"status-publish","4":"has-post-thumbnail","6":"product_brand-top-face-tr","7":"product_cat-otinas","9":"first","10":"outofstock","11":"taxable","12":"shipping-taxable","13":"product-type-simple"},"_links":{"self":[{"href":"https:\/\/e.kosmolat.eu\/lv\/wp-json\/wp\/v2\/product\/75202","targetHints":{"allow":["GET"]}}],"collection":[{"href":"https:\/\/e.kosmolat.eu\/lv\/wp-json\/wp\/v2\/product"}],"about":[{"href":"https:\/\/e.kosmolat.eu\/lv\/wp-json\/wp\/v2\/types\/product"}],"wp:featuredmedia":[{"embeddable":true,"href":"https:\/\/e.kosmolat.eu\/lv\/wp-json\/wp\/v2\/media\/95602"}],"wp:attachment":[{"href":"https:\/\/e.kosmolat.eu\/lv\/wp-json\/wp\/v2\/media?parent=75202"}],"wp:term":[{"taxonomy":"product_cat","embeddable":true,"href":"https:\/\/e.kosmolat.eu\/lv\/wp-json\/wp\/v2\/product_cat?post=75202"},{"taxonomy":"product_tag","embeddable":true,"href":"https:\/\/e.kosmolat.eu\/lv\/wp-json\/wp\/v2\/product_tag?post=75202"}],"curies":[{"name":"wp","href":"https:\/\/api.w.org\/{rel}","templated":true}]}}