{"id":75194,"date":"2025-07-16T04:01:59","date_gmt":"2025-07-16T04:01:59","guid":{"rendered":"https:\/\/e.kosmolat.eu\/product\/topface-attiross-micelarais-udens-vis-ad-tip-150-ml\/"},"modified":"2026-04-22T11:47:09","modified_gmt":"2026-04-22T11:47:09","slug":"topface-attiross-micelarais-udens-vis-ad-tip-150-ml","status":"publish","type":"product","link":"https:\/\/e.kosmolat.eu\/lv\/product\/topface-attiross-micelarais-udens-vis-ad-tip-150-ml\/","title":{"rendered":"Topface Att\u012bro\u0161s micel\u0101rais \u016bdens vis. \u0101d. tip., 150 ml"},"content":{"rendered":"<p>Lieto\u0161ana: uzkl\u0101jiet ar vates disku uz sejas, kakla, l\u016bp\u0101m un ap ac\u012bm. Nav j\u0101noskalo.<\/p>\n<p>Piesardz\u012bbas pas\u0101kumi: ja main\u0101s smar\u017ea vai izskats, p\u0101rtrauciet lieto\u0161anu. Tikai \u0101r\u012bgai lieto\u0161anai. Sarg\u0101t no tie\u0161iem saules stariem. Uzglab\u0101t b\u0113rniem nepieejam\u0101 viet\u0101.<\/p>\n","protected":false},"excerpt":{"rendered":"<p>Lieto\u0161ana: uzkl\u0101jiet ar vates disku uz sejas, kakla, l\u016bp\u0101m un ap ac\u012bm. Nav j\u0101noskalo. Piesardz\u012bbas pas\u0101kumi: ja main\u0101s smar\u017ea vai izskats, p\u0101rtrauciet lieto\u0161anu. Tikai \u0101r\u012bgai lieto\u0161anai. Sarg\u0101t no tie\u0161iem saules stariem. Uzglab\u0101t b\u0113rniem nepieejam\u0101 viet\u0101.<\/p>\n","protected":false},"featured_media":95490,"template":"","meta":[],"product_cat":[1999],"product_tag":[],"class_list":{"0":"post-75194","1":"product","2":"type-product","3":"status-publish","4":"has-post-thumbnail","6":"product_brand-top-face-tr","7":"product_cat-bez-kategorijas","9":"first","10":"instock","11":"taxable","12":"shipping-taxable","13":"product-type-simple"},"_links":{"self":[{"href":"https:\/\/e.kosmolat.eu\/lv\/wp-json\/wp\/v2\/product\/75194","targetHints":{"allow":["GET"]}}],"collection":[{"href":"https:\/\/e.kosmolat.eu\/lv\/wp-json\/wp\/v2\/product"}],"about":[{"href":"https:\/\/e.kosmolat.eu\/lv\/wp-json\/wp\/v2\/types\/product"}],"wp:featuredmedia":[{"embeddable":true,"href":"https:\/\/e.kosmolat.eu\/lv\/wp-json\/wp\/v2\/media\/95490"}],"wp:attachment":[{"href":"https:\/\/e.kosmolat.eu\/lv\/wp-json\/wp\/v2\/media?parent=75194"}],"wp:term":[{"taxonomy":"product_cat","embeddable":true,"href":"https:\/\/e.kosmolat.eu\/lv\/wp-json\/wp\/v2\/product_cat?post=75194"},{"taxonomy":"product_tag","embeddable":true,"href":"https:\/\/e.kosmolat.eu\/lv\/wp-json\/wp\/v2\/product_tag?post=75194"}],"curies":[{"name":"wp","href":"https:\/\/api.w.org\/{rel}","templated":true}]}}