{"id":75186,"date":"2025-07-16T04:01:44","date_gmt":"2025-07-16T04:01:44","guid":{"rendered":"https:\/\/e.kosmolat.eu\/product\/topface-divfazu-lidzeklis-kosmetikas-nonems-vis-ad-tip-100-ml\/"},"modified":"2026-04-11T19:12:38","modified_gmt":"2026-04-11T19:12:38","slug":"topface-divfazu-lidzeklis-kosmetikas-nonems-vis-ad-tip-100-ml","status":"publish","type":"product","link":"https:\/\/e.kosmolat.eu\/lv\/product\/topface-divfazu-lidzeklis-kosmetikas-nonems-vis-ad-tip-100-ml\/","title":{"rendered":"Topface Divf\u0101\u017eu l\u012bdzeklis kosm\u0113tikas no\u0146em\u0161. vis. \u0101d. tip., 100 ml"},"content":{"rendered":"<p>Lieto\u0161ana: pirms lieto\u0161anas sakratiet flakonu, lai aktiviz\u0113tu divf\u0101\u017eu formulu. Uzpiliniet da\u017eus pilienus uz vates diska. Pielieciet pie \u0101das uz 5\u201310 sekund\u0113m, p\u0113c tam uzman\u012bgi noslaukiet seju, lai no\u0146emtu visus grima atlikumus.<\/p>\n<p>Piesardz\u012bbas pas\u0101kumi: ja main\u0101s smar\u017ea vai izskats, p\u0101rtrauciet lieto\u0161anu. Tikai \u0101r\u012bgai lieto\u0161anai. Lietot sejas \u0101dai. Sarg\u0101t no tie\u0161iem saules stariem. Uzglab\u0101t b\u0113rniem nepieejam\u0101 viet\u0101.<\/p>\n","protected":false},"excerpt":{"rendered":"<p>Lieto\u0161ana: pirms lieto\u0161anas sakratiet flakonu, lai aktiviz\u0113tu divf\u0101\u017eu formulu. Uzpiliniet da\u017eus pilienus uz vates diska. Pielieciet pie \u0101das uz 5\u201310 sekund\u0113m, p\u0113c tam uzman\u012bgi noslaukiet seju, lai no\u0146emtu visus grima atlikumus. Piesardz\u012bbas pas\u0101kumi: ja main\u0101s smar\u017ea vai izskats, p\u0101rtrauciet lieto\u0161anu. Tikai \u0101r\u012bgai lieto\u0161anai. Lietot sejas \u0101dai. Sarg\u0101t no tie\u0161iem saules stariem. Uzglab\u0101t b\u0113rniem nepieejam\u0101 viet\u0101.<\/p>\n","protected":false},"featured_media":95486,"template":"","meta":[],"product_cat":[1572],"product_tag":[],"class_list":{"0":"post-75186","1":"product","2":"type-product","3":"status-publish","4":"has-post-thumbnail","6":"product_brand-top-face-tr","7":"product_cat-pienini-un-ellas","9":"first","10":"instock","11":"taxable","12":"shipping-taxable","13":"product-type-simple"},"_links":{"self":[{"href":"https:\/\/e.kosmolat.eu\/lv\/wp-json\/wp\/v2\/product\/75186","targetHints":{"allow":["GET"]}}],"collection":[{"href":"https:\/\/e.kosmolat.eu\/lv\/wp-json\/wp\/v2\/product"}],"about":[{"href":"https:\/\/e.kosmolat.eu\/lv\/wp-json\/wp\/v2\/types\/product"}],"wp:featuredmedia":[{"embeddable":true,"href":"https:\/\/e.kosmolat.eu\/lv\/wp-json\/wp\/v2\/media\/95486"}],"wp:attachment":[{"href":"https:\/\/e.kosmolat.eu\/lv\/wp-json\/wp\/v2\/media?parent=75186"}],"wp:term":[{"taxonomy":"product_cat","embeddable":true,"href":"https:\/\/e.kosmolat.eu\/lv\/wp-json\/wp\/v2\/product_cat?post=75186"},{"taxonomy":"product_tag","embeddable":true,"href":"https:\/\/e.kosmolat.eu\/lv\/wp-json\/wp\/v2\/product_tag?post=75186"}],"curies":[{"name":"wp","href":"https:\/\/api.w.org\/{rel}","templated":true}]}}