{"id":75178,"date":"2025-07-16T04:01:26","date_gmt":"2025-07-16T04:01:26","guid":{"rendered":"https:\/\/e.kosmolat.eu\/product\/topface-skinglow-vitamin-c-sejas-serums-ar-c-vitaminu-vis-ad-tip-30-ml\/"},"modified":"2026-04-11T19:12:07","modified_gmt":"2026-04-11T19:12:07","slug":"topface-skinglow-vitamin-c-sejas-serums-ar-c-vitaminu-vis-ad-tip-30-ml","status":"publish","type":"product","link":"https:\/\/e.kosmolat.eu\/lv\/product\/topface-skinglow-vitamin-c-sejas-serums-ar-c-vitaminu-vis-ad-tip-30-ml\/","title":{"rendered":"Topface Skinglow Vitamin C Sejas serums ar C vitam\u012bnu vis. \u0101d. tip., 30 ml"},"content":{"rendered":"<p>Serums ietver dabas neticamo barojo\u0161o sp\u0113ku, lai akt\u012bv\u0101s sast\u0101vda\u013cas iedarbotos tie\u0161i uz j\u016bsu \u0101du. \u0160is serums, kas bag\u0101tin\u0101ts ar C vitam\u012bnu, augu ekstraktiem un \u016bdeni no avotiem ar augstu miner\u0101lvielu saturu, dzi\u013ci mitrina \u0101du, izl\u012bdzina t\u0101s toni un izgaismo pigmenta plankumus.<\/p>\n<p>Lieto\u0161ana: pirms lieto\u0161anas k\u0101rt\u012bgi sakratiet. uzkl\u0101jiet da\u017eus pilienus uz att\u012br\u012btas sejas un kakla \u0101das, viegli iemas\u0113jot ar ap\u013cveida kust\u012bb\u0101m. Lietojiet no r\u012bta un vakar\u0101. Piem\u0113rots visiem \u0101das tipiem.<\/p>\n","protected":false},"excerpt":{"rendered":"<p>Serums ietver dabas neticamo barojo\u0161o sp\u0113ku, lai akt\u012bv\u0101s sast\u0101vda\u013cas iedarbotos tie\u0161i uz j\u016bsu \u0101du. \u0160is serums, kas bag\u0101tin\u0101ts ar C vitam\u012bnu, augu ekstraktiem un \u016bdeni no avotiem ar augstu miner\u0101lvielu saturu, dzi\u013ci mitrina \u0101du, izl\u012bdzina t\u0101s toni un izgaismo pigmenta plankumus. Lieto\u0161ana: pirms lieto\u0161anas k\u0101rt\u012bgi sakratiet. uzkl\u0101jiet da\u017eus pilienus uz att\u012br\u012btas sejas un kakla \u0101das, [&#8230;]\n","protected":false},"featured_media":95478,"template":"","meta":[],"product_cat":[1328],"product_tag":[],"class_list":{"0":"post-75178","1":"product","2":"type-product","3":"status-publish","4":"has-post-thumbnail","6":"product_brand-top-face-tr","7":"product_cat-1328","9":"first","10":"outofstock","11":"taxable","12":"shipping-taxable","13":"product-type-simple"},"_links":{"self":[{"href":"https:\/\/e.kosmolat.eu\/lv\/wp-json\/wp\/v2\/product\/75178","targetHints":{"allow":["GET"]}}],"collection":[{"href":"https:\/\/e.kosmolat.eu\/lv\/wp-json\/wp\/v2\/product"}],"about":[{"href":"https:\/\/e.kosmolat.eu\/lv\/wp-json\/wp\/v2\/types\/product"}],"wp:featuredmedia":[{"embeddable":true,"href":"https:\/\/e.kosmolat.eu\/lv\/wp-json\/wp\/v2\/media\/95478"}],"wp:attachment":[{"href":"https:\/\/e.kosmolat.eu\/lv\/wp-json\/wp\/v2\/media?parent=75178"}],"wp:term":[{"taxonomy":"product_cat","embeddable":true,"href":"https:\/\/e.kosmolat.eu\/lv\/wp-json\/wp\/v2\/product_cat?post=75178"},{"taxonomy":"product_tag","embeddable":true,"href":"https:\/\/e.kosmolat.eu\/lv\/wp-json\/wp\/v2\/product_tag?post=75178"}],"curies":[{"name":"wp","href":"https:\/\/api.w.org\/{rel}","templated":true}]}}