{"id":75170,"date":"2025-07-16T04:01:11","date_gmt":"2025-07-16T04:01:11","guid":{"rendered":"https:\/\/e.kosmolat.eu\/product\/topface-skin-glow-vegan-collagen-sejas-serums-ar-kolagenu-vis-ad-tip-30-ml\/"},"modified":"2026-04-11T19:11:53","modified_gmt":"2026-04-11T19:11:53","slug":"topface-skin-glow-vegan-collagen-sejas-serums-ar-kolagenu-vis-ad-tip-30-ml","status":"publish","type":"product","link":"https:\/\/e.kosmolat.eu\/lv\/product\/topface-skin-glow-vegan-collagen-sejas-serums-ar-kolagenu-vis-ad-tip-30-ml\/","title":{"rendered":"Topface Skin Glow Vegan Collagen Sejas serums ar kolag\u0113nu vis. \u0101d. tip., 30 ml"},"content":{"rendered":"<p>Inovat\u012bv\u0101 seruma formula satur augu izcelsmes kolag\u0113na molekulas, kas atjauno \u0101das strukt\u016bru. Veg\u0101nais kolag\u0113ns pal\u012bdz c\u012bn\u012bties ar grumb\u0101m un veicina \u0101das atjauno\u0161anos, savuk\u0101rt prebiotisk\u0101s sast\u0101vda\u013cas pies\u0101tina \u0101du ar v\u0113rt\u012bg\u0101m barojo\u0161\u0101m viel\u0101m. Augsti mineraliz\u0113tais oke\u0101na \u016bdens efekt\u012bvi sa\u0161aurina poras, pie\u0161\u0137irot \u0101dai tvirt\u0101ku, svaig\u0101ku un vesel\u012bg\u0101ku izskatu.<\/p>\n<p>Lieto\u0161ana: pirms lieto\u0161anas k\u0101rt\u012bgi sakratiet. uzkl\u0101jiet da\u017eus pilienus uz att\u012br\u012btas sejas un kakla \u0101das, viegli iemas\u0113jot ar ap\u013cveida kust\u012bb\u0101m. Lietojiet no r\u012bta un vakar\u0101. Piem\u0113rots visiem \u0101das tipiem.<\/p>\n","protected":false},"excerpt":{"rendered":"<p>Inovat\u012bv\u0101 seruma formula satur augu izcelsmes kolag\u0113na molekulas, kas atjauno \u0101das strukt\u016bru. Veg\u0101nais kolag\u0113ns pal\u012bdz c\u012bn\u012bties ar grumb\u0101m un veicina \u0101das atjauno\u0161anos, savuk\u0101rt prebiotisk\u0101s sast\u0101vda\u013cas pies\u0101tina \u0101du ar v\u0113rt\u012bg\u0101m barojo\u0161\u0101m viel\u0101m. Augsti mineraliz\u0113tais oke\u0101na \u016bdens efekt\u012bvi sa\u0161aurina poras, pie\u0161\u0137irot \u0101dai tvirt\u0101ku, svaig\u0101ku un vesel\u012bg\u0101ku izskatu. Lieto\u0161ana: pirms lieto\u0161anas k\u0101rt\u012bgi sakratiet. uzkl\u0101jiet da\u017eus pilienus uz att\u012br\u012btas [&#8230;]\n","protected":false},"featured_media":95474,"template":"","meta":[],"product_cat":[1327],"product_tag":[],"class_list":{"0":"post-75170","1":"product","2":"type-product","3":"status-publish","4":"has-post-thumbnail","6":"product_brand-top-face-tr","7":"product_cat-serumai","9":"first","10":"outofstock","11":"taxable","12":"shipping-taxable","13":"product-type-simple"},"_links":{"self":[{"href":"https:\/\/e.kosmolat.eu\/lv\/wp-json\/wp\/v2\/product\/75170","targetHints":{"allow":["GET"]}}],"collection":[{"href":"https:\/\/e.kosmolat.eu\/lv\/wp-json\/wp\/v2\/product"}],"about":[{"href":"https:\/\/e.kosmolat.eu\/lv\/wp-json\/wp\/v2\/types\/product"}],"wp:featuredmedia":[{"embeddable":true,"href":"https:\/\/e.kosmolat.eu\/lv\/wp-json\/wp\/v2\/media\/95474"}],"wp:attachment":[{"href":"https:\/\/e.kosmolat.eu\/lv\/wp-json\/wp\/v2\/media?parent=75170"}],"wp:term":[{"taxonomy":"product_cat","embeddable":true,"href":"https:\/\/e.kosmolat.eu\/lv\/wp-json\/wp\/v2\/product_cat?post=75170"},{"taxonomy":"product_tag","embeddable":true,"href":"https:\/\/e.kosmolat.eu\/lv\/wp-json\/wp\/v2\/product_tag?post=75170"}],"curies":[{"name":"wp","href":"https:\/\/api.w.org\/{rel}","templated":true}]}}