{"id":75162,"date":"2025-07-16T04:00:56","date_gmt":"2025-07-16T04:00:56","guid":{"rendered":"https:\/\/e.kosmolat.eu\/product\/topface-uzacu-vasks-caurspids-10-g\/"},"modified":"2025-09-20T08:04:32","modified_gmt":"2025-09-20T08:04:32","slug":"topface-uzacu-vasks-caurspids-10-g","status":"publish","type":"product","link":"https:\/\/e.kosmolat.eu\/lv\/product\/topface-uzacu-vasks-caurspids-10-g\/","title":{"rendered":"Topface Uzacu vasks Caursp\u012bds, 10 g"},"content":{"rendered":"<p>Veido v\u0113lamo uzacu formu un saglab\u0101 to visas dienas garum\u0101, pie\u0161\u0137irot uzac\u012bm piln\u012bg\u0101ku un kopt\u0101ku izskatu. Padara sejas izteiksmi skaidr\u0101ku, pal\u012bdzot izskat\u012bties tie\u0161i t\u0101, k\u0101 v\u0113laties. Caursp\u012bd\u012bg\u0101, viegl\u0101 tekst\u016bra \u013cauj viegli pie\u0161\u0137irt formu. Pateicoties arg\u0101na e\u013c\u013cas un provitam\u012bna B5 saturam, pal\u012bdz stiprin\u0101t uzacis un saudz\u012bgi par t\u0101m r\u016bp\u0113jas.<\/p>\n<p>Lieto\u0161ana: noregul\u0113jiet elast\u012bgo birst\u012bti un p\u0101rliecinieties, ka uz t\u0101s ir neliels daudzums produkta. Ar birst\u012bti pie\u0161\u0137iriet uzac\u012bm v\u0113lamo formu. Pirms grima uzkl\u0101\u0161anas \u0101da ir j\u0101not\u012bra.<\/p>\n<p>Aplikators atrodas kast\u012bt\u0113.<\/p>\n","protected":false},"excerpt":{"rendered":"<p>Veido v\u0113lamo uzacu formu un saglab\u0101 to visas dienas garum\u0101, pie\u0161\u0137irot uzac\u012bm piln\u012bg\u0101ku un kopt\u0101ku izskatu. Padara sejas izteiksmi skaidr\u0101ku, pal\u012bdzot izskat\u012bties tie\u0161i t\u0101, k\u0101 v\u0113laties. Caursp\u012bd\u012bg\u0101, viegl\u0101 tekst\u016bra \u013cauj viegli pie\u0161\u0137irt formu. Pateicoties arg\u0101na e\u013c\u013cas un provitam\u012bna B5 saturam, pal\u012bdz stiprin\u0101t uzacis un saudz\u012bgi par t\u0101m r\u016bp\u0113jas. Lieto\u0161ana: noregul\u0113jiet elast\u012bgo birst\u012bti un p\u0101rliecinieties, ka [&#8230;]\n","protected":false},"featured_media":95470,"template":"","meta":[],"product_cat":[1506],"product_tag":[],"class_list":{"0":"post-75162","1":"product","2":"type-product","3":"status-publish","4":"has-post-thumbnail","6":"product_brand-top-face-tr","7":"product_cat-uzacim","9":"first","10":"outofstock","11":"taxable","12":"shipping-taxable","13":"product-type-simple"},"_links":{"self":[{"href":"https:\/\/e.kosmolat.eu\/lv\/wp-json\/wp\/v2\/product\/75162","targetHints":{"allow":["GET"]}}],"collection":[{"href":"https:\/\/e.kosmolat.eu\/lv\/wp-json\/wp\/v2\/product"}],"about":[{"href":"https:\/\/e.kosmolat.eu\/lv\/wp-json\/wp\/v2\/types\/product"}],"wp:featuredmedia":[{"embeddable":true,"href":"https:\/\/e.kosmolat.eu\/lv\/wp-json\/wp\/v2\/media\/95470"}],"wp:attachment":[{"href":"https:\/\/e.kosmolat.eu\/lv\/wp-json\/wp\/v2\/media?parent=75162"}],"wp:term":[{"taxonomy":"product_cat","embeddable":true,"href":"https:\/\/e.kosmolat.eu\/lv\/wp-json\/wp\/v2\/product_cat?post=75162"},{"taxonomy":"product_tag","embeddable":true,"href":"https:\/\/e.kosmolat.eu\/lv\/wp-json\/wp\/v2\/product_tag?post=75162"}],"curies":[{"name":"wp","href":"https:\/\/api.w.org\/{rel}","templated":true}]}}