{"id":75146,"date":"2025-07-16T04:00:25","date_gmt":"2025-07-16T04:00:25","guid":{"rendered":"https:\/\/e.kosmolat.eu\/product\/topface-always-glowing-grima-fiksejosais-aerosols-100-ml\/"},"modified":"2026-04-11T19:11:26","modified_gmt":"2026-04-11T19:11:26","slug":"topface-always-glowing-grima-fiksejosais-aerosols-100-ml","status":"publish","type":"product","link":"https:\/\/e.kosmolat.eu\/lv\/product\/topface-always-glowing-grima-fiksejosais-aerosols-100-ml\/","title":{"rendered":"Topface Always glowing Grima fiks\u0113jo\u0161ais aerosols, 100 ml"},"content":{"rendered":"<p>Pirms lieto\u0161anas k\u0101rt\u012bgi sakratiet. Grima fiks\u0101cijai viegli nospiediet izsmidzin\u0101t\u0101ju 3\u20134 reizes. \u0160aj\u0101 laik\u0101 aizveriet acis. Turiet flakonu 20\u201325 cm att\u0101lum\u0101 no sejas. Uzglab\u0101t b\u0113rniem nepieejam\u0101 viet\u0101. Tikai \u0101r\u012bgai lieto\u0161anai.<\/p>\n","protected":false},"excerpt":{"rendered":"<p>Pirms lieto\u0161anas k\u0101rt\u012bgi sakratiet. Grima fiks\u0101cijai viegli nospiediet izsmidzin\u0101t\u0101ju 3\u20134 reizes. \u0160aj\u0101 laik\u0101 aizveriet acis. Turiet flakonu 20\u201325 cm att\u0101lum\u0101 no sejas. Uzglab\u0101t b\u0113rniem nepieejam\u0101 viet\u0101. Tikai \u0101r\u012bgai lieto\u0161anai.<\/p>\n","protected":false},"featured_media":95462,"template":"","meta":[],"product_cat":[1599],"product_tag":[],"class_list":{"0":"post-75146","1":"product","2":"type-product","3":"status-publish","4":"has-post-thumbnail","6":"product_brand-top-face-tr","7":"product_cat-aliejai-ir-kitos-specifines-priemones","9":"first","10":"outofstock","11":"taxable","12":"shipping-taxable","13":"product-type-simple"},"_links":{"self":[{"href":"https:\/\/e.kosmolat.eu\/lv\/wp-json\/wp\/v2\/product\/75146","targetHints":{"allow":["GET"]}}],"collection":[{"href":"https:\/\/e.kosmolat.eu\/lv\/wp-json\/wp\/v2\/product"}],"about":[{"href":"https:\/\/e.kosmolat.eu\/lv\/wp-json\/wp\/v2\/types\/product"}],"wp:featuredmedia":[{"embeddable":true,"href":"https:\/\/e.kosmolat.eu\/lv\/wp-json\/wp\/v2\/media\/95462"}],"wp:attachment":[{"href":"https:\/\/e.kosmolat.eu\/lv\/wp-json\/wp\/v2\/media?parent=75146"}],"wp:term":[{"taxonomy":"product_cat","embeddable":true,"href":"https:\/\/e.kosmolat.eu\/lv\/wp-json\/wp\/v2\/product_cat?post=75146"},{"taxonomy":"product_tag","embeddable":true,"href":"https:\/\/e.kosmolat.eu\/lv\/wp-json\/wp\/v2\/product_tag?post=75146"}],"curies":[{"name":"wp","href":"https:\/\/api.w.org\/{rel}","templated":true}]}}