{"id":75132,"date":"2025-07-12T04:05:25","date_gmt":"2025-07-12T04:05:25","guid":{"rendered":"https:\/\/e.kosmolat.eu\/product\/topface-longlasting-udensnoturigs-acu-laineris-oglmelns-2-5-ml\/"},"modified":"2026-04-22T06:52:26","modified_gmt":"2026-04-22T06:52:26","slug":"topface-longlasting-udensnoturigs-acu-laineris-oglmelns-2-5-ml","status":"publish","type":"product","link":"https:\/\/e.kosmolat.eu\/lv\/product\/topface-longlasting-udensnoturigs-acu-laineris-oglmelns-2-5-ml\/","title":{"rendered":"Topface Longlasting \u016adensnotur\u012bgs acu laineris Og\u013cmelns, 2.5 ml"},"content":{"rendered":"<p>Izceliet acis ar intens\u012bvu melnu kr\u0101su. Pateicoties \u012bpa\u0161ajai notur\u012bgajai formulai, j\u016bsu grims b\u016bs nevainojams visas dienas garum\u0101. Silikona oti\u0146a nodro\u0161ina ide\u0101lu uzkl\u0101\u0161anu.<\/p>\n<p>Tikai \u0101r\u012bgai lieto\u0161anai. Uzglab\u0101t temperat\u016br\u0101 no 20 l\u012bdz 25\u202f\u00b0C, sarg\u0101jot no tie\u0161iem saules stariem. Uzglab\u0101t b\u0113rniem nepieejam\u0101 viet\u0101.<\/p>\n","protected":false},"excerpt":{"rendered":"<p>Izceliet acis ar intens\u012bvu melnu kr\u0101su. Pateicoties \u012bpa\u0161ajai notur\u012bgajai formulai, j\u016bsu grims b\u016bs nevainojams visas dienas garum\u0101. Silikona oti\u0146a nodro\u0161ina ide\u0101lu uzkl\u0101\u0161anu. Tikai \u0101r\u012bgai lieto\u0161anai. Uzglab\u0101t temperat\u016br\u0101 no 20 l\u012bdz 25\u202f\u00b0C, sarg\u0101jot no tie\u0161iem saules stariem. Uzglab\u0101t b\u0113rniem nepieejam\u0101 viet\u0101.<\/p>\n","protected":false},"featured_media":95186,"template":"","meta":[],"product_cat":[1999],"product_tag":[],"class_list":{"0":"post-75132","1":"product","2":"type-product","3":"status-publish","4":"has-post-thumbnail","6":"product_brand-top-face-tr","7":"product_cat-bez-kategorijas","9":"first","10":"instock","11":"taxable","12":"shipping-taxable","13":"product-type-simple"},"_links":{"self":[{"href":"https:\/\/e.kosmolat.eu\/lv\/wp-json\/wp\/v2\/product\/75132","targetHints":{"allow":["GET"]}}],"collection":[{"href":"https:\/\/e.kosmolat.eu\/lv\/wp-json\/wp\/v2\/product"}],"about":[{"href":"https:\/\/e.kosmolat.eu\/lv\/wp-json\/wp\/v2\/types\/product"}],"wp:featuredmedia":[{"embeddable":true,"href":"https:\/\/e.kosmolat.eu\/lv\/wp-json\/wp\/v2\/media\/95186"}],"wp:attachment":[{"href":"https:\/\/e.kosmolat.eu\/lv\/wp-json\/wp\/v2\/media?parent=75132"}],"wp:term":[{"taxonomy":"product_cat","embeddable":true,"href":"https:\/\/e.kosmolat.eu\/lv\/wp-json\/wp\/v2\/product_cat?post=75132"},{"taxonomy":"product_tag","embeddable":true,"href":"https:\/\/e.kosmolat.eu\/lv\/wp-json\/wp\/v2\/product_tag?post=75132"}],"curies":[{"name":"wp","href":"https:\/\/api.w.org\/{rel}","templated":true}]}}