{"id":75124,"date":"2025-07-12T04:05:08","date_gmt":"2025-07-12T04:05:08","guid":{"rendered":"https:\/\/e.kosmolat.eu\/product\/topface-skin-editor-matets-acu-laineris-oglmelns-2-5-ml\/"},"modified":"2026-04-11T19:28:40","modified_gmt":"2026-04-11T19:28:40","slug":"topface-skin-editor-matets-acu-laineris-oglmelns-2-5-ml","status":"publish","type":"product","link":"https:\/\/e.kosmolat.eu\/lv\/product\/topface-skin-editor-matets-acu-laineris-oglmelns-2-5-ml\/","title":{"rendered":"Topface Skin editor Mat\u0113ts acu laineris Og\u013cmelns, 2.5 ml"},"content":{"rendered":"<p>Topface acu laineris ar mat\u0113tu efektu un pies\u0101tin\u0101tu melno pigmentu padar\u012bs j\u016bsu skatienu dzi\u013cu un nosl\u0113pumainu. \u012apa\u0161\u0101 formula nodro\u0161ina notur\u012bgu efektu visas dienas garum\u0101. Pateicoties silikona oti\u0146ai, uzkl\u0101\u0161ana b\u016bs viegla un nevainojama.<\/p>\n<p>Tikai \u0101r\u012bgai lieto\u0161anai. Uzglab\u0101t temperat\u016br\u0101 no 20 l\u012bdz 25\u202f\u00b0C, sarg\u0101jot no tie\u0161iem saules stariem. Uzglab\u0101t b\u0113rniem nepieejam\u0101 viet\u0101<\/p>\n","protected":false},"excerpt":{"rendered":"<p>Topface acu laineris ar mat\u0113tu efektu un pies\u0101tin\u0101tu melno pigmentu padar\u012bs j\u016bsu skatienu dzi\u013cu un nosl\u0113pumainu. \u012apa\u0161\u0101 formula nodro\u0161ina notur\u012bgu efektu visas dienas garum\u0101. Pateicoties silikona oti\u0146ai, uzkl\u0101\u0161ana b\u016bs viegla un nevainojama. Tikai \u0101r\u012bgai lieto\u0161anai. Uzglab\u0101t temperat\u016br\u0101 no 20 l\u012bdz 25\u202f\u00b0C, sarg\u0101jot no tie\u0161iem saules stariem. Uzglab\u0101t b\u0113rniem nepieejam\u0101 viet\u0101<\/p>\n","protected":false},"featured_media":95182,"template":"","meta":[],"product_cat":[1262],"product_tag":[],"class_list":{"0":"post-75124","1":"product","2":"type-product","3":"status-publish","4":"has-post-thumbnail","6":"product_brand-top-face-tr","7":"product_cat-zimuli-laineri","9":"first","10":"instock","11":"taxable","12":"shipping-taxable","13":"product-type-simple"},"_links":{"self":[{"href":"https:\/\/e.kosmolat.eu\/lv\/wp-json\/wp\/v2\/product\/75124","targetHints":{"allow":["GET"]}}],"collection":[{"href":"https:\/\/e.kosmolat.eu\/lv\/wp-json\/wp\/v2\/product"}],"about":[{"href":"https:\/\/e.kosmolat.eu\/lv\/wp-json\/wp\/v2\/types\/product"}],"wp:featuredmedia":[{"embeddable":true,"href":"https:\/\/e.kosmolat.eu\/lv\/wp-json\/wp\/v2\/media\/95182"}],"wp:attachment":[{"href":"https:\/\/e.kosmolat.eu\/lv\/wp-json\/wp\/v2\/media?parent=75124"}],"wp:term":[{"taxonomy":"product_cat","embeddable":true,"href":"https:\/\/e.kosmolat.eu\/lv\/wp-json\/wp\/v2\/product_cat?post=75124"},{"taxonomy":"product_tag","embeddable":true,"href":"https:\/\/e.kosmolat.eu\/lv\/wp-json\/wp\/v2\/product_tag?post=75124"}],"curies":[{"name":"wp","href":"https:\/\/api.w.org\/{rel}","templated":true}]}}