{"id":75116,"date":"2025-07-12T04:04:48","date_gmt":"2025-07-12T04:04:48","guid":{"rendered":"https:\/\/e.kosmolat.eu\/product\/topface-3d-dimension-skropstu-tusa-apjomam-8-ml\/"},"modified":"2026-04-11T19:28:28","modified_gmt":"2026-04-11T19:28:28","slug":"topface-3d-dimension-skropstu-tusa-apjomam-8-ml","status":"publish","type":"product","link":"https:\/\/e.kosmolat.eu\/lv\/product\/topface-3d-dimension-skropstu-tusa-apjomam-8-ml\/","title":{"rendered":"Topface 3D Dimension Skropstu tu\u0161a apjomam, 8 ml"},"content":{"rendered":"<p>\u012apa\u0161i izstr\u0101d\u0101ta birst\u012bte 3 p\u0101rsteidzo\u0161iem skropstu efektiem:<\/p>\n<p>1. solis: Viegls, dabisks skatiens ikdienas t\u0113lam.<br \/>\n2. solis: Apjom\u012bgas, garas un perfekti atdal\u012btas skropstas.<br \/>\n3. solis: Satrieco\u0161s m\u0101ksl\u012bgo skropstu efekts \u2014 pat \u012bs\u0101k\u0101s skropstas tiek p\u0101rkl\u0101tas, pie\u0161\u0137irot t\u0101m maksim\u0101lu garumu, kuplumu un izteiksm\u012bgumu, bez salip\u0161anas un kunku\u013ciem.<\/p>\n<p>Tikai \u0101r\u012bgai lieto\u0161anai. Uzglab\u0101t temperat\u016br\u0101 no 20 l\u012bdz 25\u202f\u00b0C, sarg\u0101jot no tie\u0161iem saules stariem. Uzglab\u0101t b\u0113rniem nepieejam\u0101 viet\u0101.<\/p>\n","protected":false},"excerpt":{"rendered":"<p>\u012apa\u0161i izstr\u0101d\u0101ta birst\u012bte 3 p\u0101rsteidzo\u0161iem skropstu efektiem: 1. solis: Viegls, dabisks skatiens ikdienas t\u0113lam. 2. solis: Apjom\u012bgas, garas un perfekti atdal\u012btas skropstas. 3. solis: Satrieco\u0161s m\u0101ksl\u012bgo skropstu efekts \u2014 pat \u012bs\u0101k\u0101s skropstas tiek p\u0101rkl\u0101tas, pie\u0161\u0137irot t\u0101m maksim\u0101lu garumu, kuplumu un izteiksm\u012bgumu, bez salip\u0161anas un kunku\u013ciem. Tikai \u0101r\u012bgai lieto\u0161anai. Uzglab\u0101t temperat\u016br\u0101 no 20 l\u012bdz 25\u202f\u00b0C, sarg\u0101jot [&#8230;]\n","protected":false},"featured_media":95178,"template":"","meta":[],"product_cat":[1380],"product_tag":[],"class_list":{"0":"post-75116","1":"product","2":"type-product","3":"status-publish","4":"has-post-thumbnail","6":"product_brand-top-face-tr","7":"product_cat-tusas","9":"first","10":"outofstock","11":"taxable","12":"shipping-taxable","13":"product-type-simple"},"_links":{"self":[{"href":"https:\/\/e.kosmolat.eu\/lv\/wp-json\/wp\/v2\/product\/75116","targetHints":{"allow":["GET"]}}],"collection":[{"href":"https:\/\/e.kosmolat.eu\/lv\/wp-json\/wp\/v2\/product"}],"about":[{"href":"https:\/\/e.kosmolat.eu\/lv\/wp-json\/wp\/v2\/types\/product"}],"wp:featuredmedia":[{"embeddable":true,"href":"https:\/\/e.kosmolat.eu\/lv\/wp-json\/wp\/v2\/media\/95178"}],"wp:attachment":[{"href":"https:\/\/e.kosmolat.eu\/lv\/wp-json\/wp\/v2\/media?parent=75116"}],"wp:term":[{"taxonomy":"product_cat","embeddable":true,"href":"https:\/\/e.kosmolat.eu\/lv\/wp-json\/wp\/v2\/product_cat?post=75116"},{"taxonomy":"product_tag","embeddable":true,"href":"https:\/\/e.kosmolat.eu\/lv\/wp-json\/wp\/v2\/product_tag?post=75116"}],"curies":[{"name":"wp","href":"https:\/\/api.w.org\/{rel}","templated":true}]}}