{"id":75104,"date":"2025-07-12T04:04:12","date_gmt":"2025-07-12T04:04:12","guid":{"rendered":"https:\/\/e.kosmolat.eu\/product\/topface-instyle-uzacu-tusa-004-7-ml\/"},"modified":"2026-04-21T05:56:19","modified_gmt":"2026-04-21T05:56:19","slug":"topface-instyle-uzacu-tusa-004-7-ml","status":"publish","type":"product","link":"https:\/\/e.kosmolat.eu\/lv\/product\/topface-instyle-uzacu-tusa-004-7-ml\/","title":{"rendered":"Topface Instyle Uzacu tu\u0161a 004, 7 ml"},"content":{"rendered":"<p>Kr\u0113mveida uzacu tu\u0161a viegli pie\u0161\u0137ir uzac\u012bm formu, bet \u012bpa\u0161ais aplikators nodro\u0161ina \u0101tru un prec\u012bzu uzkl\u0101\u0161anu.<\/p>\n<p>Tikai \u0101r\u012bgai lieto\u0161anai. Uzglab\u0101t temperat\u016br\u0101 no 20 l\u012bdz 25\u202f\u00b0C, sarg\u0101jot no tie\u0161iem saules stariem. Uzglab\u0101t b\u0113rniem nepieejam\u0101 viet\u0101.<\/p>\n","protected":false},"excerpt":{"rendered":"<p>Kr\u0113mveida uzacu tu\u0161a viegli pie\u0161\u0137ir uzac\u012bm formu, bet \u012bpa\u0161ais aplikators nodro\u0161ina \u0101tru un prec\u012bzu uzkl\u0101\u0161anu. Tikai \u0101r\u012bgai lieto\u0161anai. Uzglab\u0101t temperat\u016br\u0101 no 20 l\u012bdz 25\u202f\u00b0C, sarg\u0101jot no tie\u0161iem saules stariem. Uzglab\u0101t b\u0113rniem nepieejam\u0101 viet\u0101.<\/p>\n","protected":false},"featured_media":95166,"template":"","meta":[],"product_cat":[1506],"product_tag":[],"class_list":{"0":"post-75104","1":"product","2":"type-product","3":"status-publish","4":"has-post-thumbnail","6":"product_brand-top-face-tr","7":"product_cat-uzacim","9":"first","10":"outofstock","11":"taxable","12":"shipping-taxable","13":"product-type-simple"},"_links":{"self":[{"href":"https:\/\/e.kosmolat.eu\/lv\/wp-json\/wp\/v2\/product\/75104","targetHints":{"allow":["GET"]}}],"collection":[{"href":"https:\/\/e.kosmolat.eu\/lv\/wp-json\/wp\/v2\/product"}],"about":[{"href":"https:\/\/e.kosmolat.eu\/lv\/wp-json\/wp\/v2\/types\/product"}],"wp:featuredmedia":[{"embeddable":true,"href":"https:\/\/e.kosmolat.eu\/lv\/wp-json\/wp\/v2\/media\/95166"}],"wp:attachment":[{"href":"https:\/\/e.kosmolat.eu\/lv\/wp-json\/wp\/v2\/media?parent=75104"}],"wp:term":[{"taxonomy":"product_cat","embeddable":true,"href":"https:\/\/e.kosmolat.eu\/lv\/wp-json\/wp\/v2\/product_cat?post=75104"},{"taxonomy":"product_tag","embeddable":true,"href":"https:\/\/e.kosmolat.eu\/lv\/wp-json\/wp\/v2\/product_tag?post=75104"}],"curies":[{"name":"wp","href":"https:\/\/api.w.org\/{rel}","templated":true}]}}