{"id":75064,"date":"2025-07-12T04:02:42","date_gmt":"2025-07-12T04:02:42","guid":{"rendered":"https:\/\/e.kosmolat.eu\/product\/topface-aqua-tint-lupu-un-vaigu-tinte-003-10-ml\/"},"modified":"2026-04-11T19:26:48","modified_gmt":"2026-04-11T19:26:48","slug":"topface-aqua-tint-lupu-un-vaigu-tinte-003-10-ml","status":"publish","type":"product","link":"https:\/\/e.kosmolat.eu\/lv\/product\/topface-aqua-tint-lupu-un-vaigu-tinte-003-10-ml\/","title":{"rendered":"Topface Aqua Tint L\u016bpu un vaigu tinte 003, 10 ml"},"content":{"rendered":"<p>Pie\u0161\u0137ir dabisku kr\u0101su l\u016bp\u0101m un vaigiem visas dienas garum\u0101. Pateicoties \u0101tri \u017e\u016bsto\u0161ajai tekst\u016brai uz \u016bdens b\u0101zes, l\u012bdzeklis sapl\u016bst ar \u0101du, radot viegluma saj\u016btu. Pateicoties hialuronsk\u0101bei un prote\u012bnam, tas kopj \u0101du un nodro\u0161ina svaigu, mirdzo\u0161u izskatu. Kr\u0101sas intensit\u0101ti iesp\u0113jams piel\u0101got atbilsto\u0161i v\u0113lamajam grima stilam.<\/p>\n<p>Ja main\u0101s smar\u017ea vai izskats, p\u0101rtrauciet lieto\u0161anu. Tikai \u0101r\u012bgai lieto\u0161anai. Uzglab\u0101t temperat\u016br\u0101 no 20 l\u012bdz 25\u202f\u00b0C, sarg\u0101jot no tie\u0161iem saules stariem. Uzglab\u0101t b\u0113rniem nepieejam\u0101 viet\u0101.<\/p>\n","protected":false},"excerpt":{"rendered":"<p>Pie\u0161\u0137ir dabisku kr\u0101su l\u016bp\u0101m un vaigiem visas dienas garum\u0101. Pateicoties \u0101tri \u017e\u016bsto\u0161ajai tekst\u016brai uz \u016bdens b\u0101zes, l\u012bdzeklis sapl\u016bst ar \u0101du, radot viegluma saj\u016btu. Pateicoties hialuronsk\u0101bei un prote\u012bnam, tas kopj \u0101du un nodro\u0161ina svaigu, mirdzo\u0161u izskatu. Kr\u0101sas intensit\u0101ti iesp\u0113jams piel\u0101got atbilsto\u0161i v\u0113lamajam grima stilam. Ja main\u0101s smar\u017ea vai izskats, p\u0101rtrauciet lieto\u0161anu. Tikai \u0101r\u012bgai lieto\u0161anai. Uzglab\u0101t temperat\u016br\u0101 [&#8230;]\n","protected":false},"featured_media":95146,"template":"","meta":[],"product_cat":[1274],"product_tag":[],"class_list":{"0":"post-75064","1":"product","2":"type-product","3":"status-publish","4":"has-post-thumbnail","6":"product_brand-top-face-tr","7":"product_cat-1274","9":"first","10":"instock","11":"taxable","12":"shipping-taxable","13":"product-type-simple"},"_links":{"self":[{"href":"https:\/\/e.kosmolat.eu\/lv\/wp-json\/wp\/v2\/product\/75064","targetHints":{"allow":["GET"]}}],"collection":[{"href":"https:\/\/e.kosmolat.eu\/lv\/wp-json\/wp\/v2\/product"}],"about":[{"href":"https:\/\/e.kosmolat.eu\/lv\/wp-json\/wp\/v2\/types\/product"}],"wp:featuredmedia":[{"embeddable":true,"href":"https:\/\/e.kosmolat.eu\/lv\/wp-json\/wp\/v2\/media\/95146"}],"wp:attachment":[{"href":"https:\/\/e.kosmolat.eu\/lv\/wp-json\/wp\/v2\/media?parent=75064"}],"wp:term":[{"taxonomy":"product_cat","embeddable":true,"href":"https:\/\/e.kosmolat.eu\/lv\/wp-json\/wp\/v2\/product_cat?post=75064"},{"taxonomy":"product_tag","embeddable":true,"href":"https:\/\/e.kosmolat.eu\/lv\/wp-json\/wp\/v2\/product_tag?post=75064"}],"curies":[{"name":"wp","href":"https:\/\/api.w.org\/{rel}","templated":true}]}}