{"id":75024,"date":"2025-07-12T04:01:17","date_gmt":"2025-07-12T04:01:17","guid":{"rendered":"https:\/\/e.kosmolat.eu\/product\/topface-lip-glow-lupu-ella-avene-001-4-ml\/"},"modified":"2026-04-01T09:19:11","modified_gmt":"2026-04-01T09:19:11","slug":"topface-lip-glow-lupu-ella-avene-001-4-ml","status":"publish","type":"product","link":"https:\/\/e.kosmolat.eu\/lv\/product\/topface-lip-glow-lupu-ella-avene-001-4-ml\/","title":{"rendered":"Topface Lip Glow L\u016bpu e\u013cla Avene 001, 4 ml"},"content":{"rendered":"<p>L\u016bpu e\u013c\u013ca aizsarg\u0101 l\u016bpas, satur hohobas e\u013c\u013cu, makad\u0101mijas e\u013c\u013cu un E vitam\u012bnu, k\u0101 ar\u012b mitrina l\u016bpas, pateicoties hialuronsk\u0101bei. Pie\u0161\u0137ir l\u016bp\u0101m spilgtu un kr\u0101sainu izskatu bez l\u016bpu kr\u0101sas. Tai ir nelip\u012bga tekst\u016bra, kas pal\u012bdz saglab\u0101t l\u016bpas mitrin\u0101tas un nerada diskomfortu.<\/p>\n<p>Ja main\u0101s smar\u017ea vai izskats, p\u0101rtrauciet lieto\u0161anu. Tikai \u0101r\u012bgai lieto\u0161anai. Lietot tikai l\u016bp\u0101m. Uzglab\u0101t temperat\u016br\u0101 no 20 l\u012bdz 25\u202f\u00b0C, sarg\u0101jot no tie\u0161iem saules stariem. Uzglab\u0101t b\u0113rniem nepieejam\u0101 viet\u0101.<\/p>\n","protected":false},"excerpt":{"rendered":"<p>L\u016bpu e\u013c\u013ca aizsarg\u0101 l\u016bpas, satur hohobas e\u013c\u013cu, makad\u0101mijas e\u013c\u013cu un E vitam\u012bnu, k\u0101 ar\u012b mitrina l\u016bpas, pateicoties hialuronsk\u0101bei. Pie\u0161\u0137ir l\u016bp\u0101m spilgtu un kr\u0101sainu izskatu bez l\u016bpu kr\u0101sas. Tai ir nelip\u012bga tekst\u016bra, kas pal\u012bdz saglab\u0101t l\u016bpas mitrin\u0101tas un nerada diskomfortu. Ja main\u0101s smar\u017ea vai izskats, p\u0101rtrauciet lieto\u0161anu. Tikai \u0101r\u012bgai lieto\u0161anai. Lietot tikai l\u016bp\u0101m. Uzglab\u0101t temperat\u016br\u0101 no [&#8230;]\n","protected":false},"featured_media":95126,"template":"","meta":[],"product_cat":[1271],"product_tag":[],"class_list":{"0":"post-75024","1":"product","2":"type-product","3":"status-publish","4":"has-post-thumbnail","6":"product_brand-top-face-tr","7":"product_cat-lupu-spidumi","9":"first","10":"instock","11":"taxable","12":"shipping-taxable","13":"product-type-simple"},"_links":{"self":[{"href":"https:\/\/e.kosmolat.eu\/lv\/wp-json\/wp\/v2\/product\/75024","targetHints":{"allow":["GET"]}}],"collection":[{"href":"https:\/\/e.kosmolat.eu\/lv\/wp-json\/wp\/v2\/product"}],"about":[{"href":"https:\/\/e.kosmolat.eu\/lv\/wp-json\/wp\/v2\/types\/product"}],"wp:featuredmedia":[{"embeddable":true,"href":"https:\/\/e.kosmolat.eu\/lv\/wp-json\/wp\/v2\/media\/95126"}],"wp:attachment":[{"href":"https:\/\/e.kosmolat.eu\/lv\/wp-json\/wp\/v2\/media?parent=75024"}],"wp:term":[{"taxonomy":"product_cat","embeddable":true,"href":"https:\/\/e.kosmolat.eu\/lv\/wp-json\/wp\/v2\/product_cat?post=75024"},{"taxonomy":"product_tag","embeddable":true,"href":"https:\/\/e.kosmolat.eu\/lv\/wp-json\/wp\/v2\/product_tag?post=75024"}],"curies":[{"name":"wp","href":"https:\/\/api.w.org\/{rel}","templated":true}]}}